{"id":1232,"date":"2024-07-23T22:07:08","date_gmt":"2024-07-23T20:07:08","guid":{"rendered":"https:\/\/missiosancta.com\/?page_id=1232"},"modified":"2025-09-02T17:15:25","modified_gmt":"2025-09-02T15:15:25","slug":"dons-de-fauteuils","status":"publish","type":"page","link":"https:\/\/missiosancta.com\/en\/dons-de-fauteuils\/","title":{"rendered":"Donations of armchairs"},"content":{"rendered":"<div data-elementor-type=\"wp-page\" data-elementor-id=\"1232\" class=\"elementor elementor-1232\">\n\t\t\t\t<div class=\"elementor-element elementor-element-88654b0 e-con-full e-flex e-con e-parent\" data-id=\"88654b0\" data-element_type=\"container\" data-settings=\"{&quot;background_background&quot;:&quot;classic&quot;}\">\n\t\t\t\t<\/div>\n\t\t<div class=\"elementor-element elementor-element-42dfbc9 e-flex e-con-boxed e-con e-parent\" data-id=\"42dfbc9\" data-element_type=\"container\">\n\t\t\t\t\t<div class=\"e-con-inner\">\n\t\t\t\t<div class=\"elementor-element elementor-element-2192a79 elementor-widget elementor-widget-text-editor\" data-id=\"2192a79\" data-element_type=\"widget\" data-widget_type=\"text-editor.default\">\n\t\t\t\t<div class=\"elementor-widget-container\">\n\t\t\t\t\t\t\t\t\t<p>Les soeurs Ursulines d&rsquo;Analaroa (80 km au nord-est de la capitale Antananarivo \u00e0 Madagascar) g\u00e8rent un centre d&rsquo;enfants atteint par des handicaps moteurs li\u00e9s pour beaucoup \u00e0 la malnutrition et la maladie (pr\u00e9ventorium a proximit\u00e9, g\u00e9r\u00e9 par les religieuses). Ces enfants suivent pendant un an une \u00e9ducation scolaire, morale et spirituelle en attendant une op\u00e9ration chirurgicale, au sein du dispensaire des s\u0153urs, dans une r\u00e9gion de tr\u00e8s grande pauvret\u00e9..<\/p><p>Tous les matins les enfants se rendent \u00e0 la messe pour commencer leur journ\u00e9e suivi de l&rsquo;\u00e9cole sans oublier le cat\u00e9chisme et la pri\u00e8re de l&rsquo;Angelus aux heures r\u00e9guli\u00e8res. Ces 70 enfants prenent soin les uns des autres comme une grande famille de fr\u00e8res et soeurs, en J\u00e9sus Christ. Les enfants participent \u00e0 la vie paroissiale, forment une chorale et servent la messe.<\/p><p>17 fauteuils roulants ont \u00e9t\u00e9 g\u00e9n\u00e9reusement donn\u00e9s par PHI Auch et financ\u00e9s par Missio Sancta pour le transport fait par ASF<\/p>\t\t\t\t\t\t\t\t<\/div>\n\t\t\t\t<\/div>\n\t\t\t\t\t<\/div>\n\t\t\t\t<\/div>\n\t\t\t\t<\/div>","protected":false},"excerpt":{"rendered":"<p>Les soeurs Ursulines d&rsquo;Analaroa (80 km au nord-est de la capitale Antananarivo \u00e0 Madagascar) g\u00e8rent un centre d&rsquo;enfants atteint par des handicaps [&hellip;]<\/p>","protected":false},"author":1,"featured_media":0,"parent":0,"menu_order":0,"comment_status":"closed","ping_status":"closed","template":"","meta":{"footnotes":""},"_links":{"self":[{"href":"https:\/\/missiosancta.com\/en\/wp-json\/wp\/v2\/pages\/1232"}],"collection":[{"href":"https:\/\/missiosancta.com\/en\/wp-json\/wp\/v2\/pages"}],"about":[{"href":"https:\/\/missiosancta.com\/en\/wp-json\/wp\/v2\/types\/page"}],"author":[{"embeddable":true,"href":"https:\/\/missiosancta.com\/en\/wp-json\/wp\/v2\/users\/1"}],"replies":[{"embeddable":true,"href":"https:\/\/missiosancta.com\/en\/wp-json\/wp\/v2\/comments?post=1232"}],"version-history":[{"count":22,"href":"https:\/\/missiosancta.com\/en\/wp-json\/wp\/v2\/pages\/1232\/revisions"}],"predecessor-version":[{"id":2599,"href":"https:\/\/missiosancta.com\/en\/wp-json\/wp\/v2\/pages\/1232\/revisions\/2599"}],"wp:attachment":[{"href":"https:\/\/missiosancta.com\/en\/wp-json\/wp\/v2\/media?parent=1232"}],"curies":[{"name":"wp","href":"https:\/\/api.w.org\/{rel}","templated":true}]}}