{"id":1382,"date":"2024-10-22T21:35:19","date_gmt":"2024-10-22T19:35:19","guid":{"rendered":"https:\/\/missiosancta.com\/?page_id=1382"},"modified":"2025-09-02T17:16:40","modified_gmt":"2025-09-02T15:16:40","slug":"filles-de-la-charite","status":"publish","type":"page","link":"https:\/\/missiosancta.com\/en\/filles-de-la-charite\/","title":{"rendered":"Filles de la charit\u00e9"},"content":{"rendered":"<div data-elementor-type=\"wp-page\" data-elementor-id=\"1382\" class=\"elementor elementor-1382\">\n\t\t\t\t<div class=\"elementor-element elementor-element-49711208 e-con-full e-flex e-con e-parent\" data-id=\"49711208\" data-element_type=\"container\" data-settings=\"{&quot;background_background&quot;:&quot;classic&quot;}\">\n\t\t\t\t<\/div>\n\t\t<div class=\"elementor-element elementor-element-5d107387 e-flex e-con-boxed e-con e-parent\" data-id=\"5d107387\" data-element_type=\"container\">\n\t\t\t\t\t<div class=\"e-con-inner\">\n\t\t\t\t<div class=\"elementor-element elementor-element-7dc0d2ea elementor-widget elementor-widget-text-editor\" data-id=\"7dc0d2ea\" data-element_type=\"widget\" data-widget_type=\"text-editor.default\">\n\t\t\t\t<div class=\"elementor-widget-container\">\n\t\t\t\t\t\t\t\t\t<p>2024 Ambohimirary Tana \/ Tanjombato Tana<\/p><p>D\u2019ann\u00e9es en ann\u00e9es, les prix augmentent et particuli\u00e8rement ces derniers mois. Pour le touriste \u00e0 la bourse bien remplie, ce n\u2019est pas inqui\u00e9tant, mais il n\u2019en est pas de m\u00eame pour la majorit\u00e9 des Malagasy. Le prix du riz a quasiment doubl\u00e9 ces douze derni\u00e8res ann\u00e9es alors que le salaire des plus pauvres, pour ceux qui ont la chance d\u2019avoir un travail fixe, n\u2019a que tr\u00e8s peu vari\u00e9s. Le trottoir est devenu le lieu de vie pour un nombre toujours plus \u00e9lev\u00e9 de mis\u00e9reux de tous \u00e2ges.<\/p><p>S\u0153ur Jacqueline, responsable de la Communaut\u00e9 d\u2019Ambohimirary confirme que la vie devient toujours plus difficile pour les pauvres. Beaucoup ne mangent qu\u2019un seul repas quotidien. 250 enfants b\u00e9n\u00e9ficient de la cantine scolaire. Les S\u0153urs visitent les familles pour rep\u00e9rer les enfants les plus pauvres parmi les pauvres. C\u2019est une t\u00e2che tr\u00e8s difficile, triste, mais il n\u2019est pas possible de satisfaire tout le monde d\u2019autant plus que les donateurs sont toujours moins nombreux. Il ne reste pas un seul grain de riz dans l\u2019assiette, ni au sol pr\u00e9cise S\u0153ur Jacqueline. Lorsque ces enfants re\u00e7oivent un biscuit pour le dessert, il le partage pour ramener une moiti\u00e9 \u00e0 la maison.<\/p><p>Trois messes dominicales sont c\u00e9l\u00e9br\u00e9es dans la paroisse, alors que l\u2019\u00e9glise est pourtant grande. 160 enfants de ch\u0153ur, que des gar\u00e7ons, le pr\u00eatre n\u2019admettant pas les filles. 800 enfants et 70 adultes suivent les le\u00e7ons de cat\u00e9chisme le dimanche, chiffres en constante augmentation. Comment essaimer cette ferveur dans nos r\u00e9gions ?<\/p><p>Malgr\u00e9 son \u00e2ge (bient\u00f4t la huitantaine), S\u0153ur Annick, responsable de la Communaut\u00e9 des Filles de la Charit\u00e9 \u00e0 Tanjombato, n\u2019a pas une minute, son t\u00e9l\u00e9phone cr\u00e9pite \u00e0 c\u0153ur joie et la sonnerie de la porte n\u2019arr\u00eate pas. Et pourtant \u00ab je devrais \u00eatre sous dialyse, mais mon passage \u00e0 la Chapelle de la M\u00e9daille Miracul\u00e9e \u00e0 Paris m\u2019a gu\u00e9ri \u00bb dit-elle. Un jeune est arriv\u00e9, avec une tr\u00e8s grave blessure \u00e0 un pied, pour se faire soigner.<\/p><p>Cinquante enfants de 9 \u00e0 15 ans fr\u00e9quentent la nouvelle \u00e9cole d\u2019alphab\u00e9tisation de la Communaut\u00e9. Dans ce bidonville, ces jeunes sont livr\u00e9s \u00e0 eux-m\u00eames, leurs parents \u00e9tant alcooliques ou drogu\u00e9s. Certains enfants n\u2019ont m\u00eame pas d\u2019acte de naissance. Une lumi\u00e8re s\u2019allume pour ces adolescents vou\u00e9s \u00e0 la d\u00e9ch\u00e9ance, \u00e0 la prostitution<\/p>\t\t\t\t\t\t\t\t<\/div>\n\t\t\t\t<\/div>\n\t\t\t\t\t<\/div>\n\t\t\t\t<\/div>\n\t\t\t\t<\/div>","protected":false},"excerpt":{"rendered":"<p>2024 Ambohimirary Tana \/ Tanjombato Tana D\u2019ann\u00e9es en ann\u00e9es, les prix augmentent et particuli\u00e8rement ces derniers mois. Pour le touriste \u00e0 la [&hellip;]<\/p>","protected":false},"author":1,"featured_media":0,"parent":0,"menu_order":0,"comment_status":"closed","ping_status":"closed","template":"","meta":{"footnotes":""},"_links":{"self":[{"href":"https:\/\/missiosancta.com\/en\/wp-json\/wp\/v2\/pages\/1382"}],"collection":[{"href":"https:\/\/missiosancta.com\/en\/wp-json\/wp\/v2\/pages"}],"about":[{"href":"https:\/\/missiosancta.com\/en\/wp-json\/wp\/v2\/types\/page"}],"author":[{"embeddable":true,"href":"https:\/\/missiosancta.com\/en\/wp-json\/wp\/v2\/users\/1"}],"replies":[{"embeddable":true,"href":"https:\/\/missiosancta.com\/en\/wp-json\/wp\/v2\/comments?post=1382"}],"version-history":[{"count":28,"href":"https:\/\/missiosancta.com\/en\/wp-json\/wp\/v2\/pages\/1382\/revisions"}],"predecessor-version":[{"id":2605,"href":"https:\/\/missiosancta.com\/en\/wp-json\/wp\/v2\/pages\/1382\/revisions\/2605"}],"wp:attachment":[{"href":"https:\/\/missiosancta.com\/en\/wp-json\/wp\/v2\/media?parent=1382"}],"curies":[{"name":"wp","href":"https:\/\/api.w.org\/{rel}","templated":true}]}}