{"id":1438,"date":"2024-10-28T13:07:14","date_gmt":"2024-10-28T12:07:14","guid":{"rendered":"https:\/\/missiosancta.com\/?page_id=1438"},"modified":"2025-09-02T17:17:32","modified_gmt":"2025-09-02T15:17:32","slug":"ambatondrazaka","status":"publish","type":"page","link":"https:\/\/missiosancta.com\/en\/ambatondrazaka\/","title":{"rendered":"Ambatondrazaka"},"content":{"rendered":"<div data-elementor-type=\"wp-page\" data-elementor-id=\"1438\" class=\"elementor elementor-1438\">\n\t\t\t\t<div class=\"elementor-element elementor-element-6996190 e-con-full e-flex e-con e-parent\" data-id=\"6996190\" data-element_type=\"container\" data-settings=\"{&quot;background_background&quot;:&quot;classic&quot;}\">\n\t\t\t\t<\/div>\n\t\t<div class=\"elementor-element elementor-element-167b1490 e-flex e-con-boxed e-con e-parent\" data-id=\"167b1490\" data-element_type=\"container\">\n\t\t\t\t\t<div class=\"e-con-inner\">\n\t\t\t\t<div class=\"elementor-element elementor-element-5cccf2d4 elementor-widget elementor-widget-text-editor\" data-id=\"5cccf2d4\" data-element_type=\"widget\" data-widget_type=\"text-editor.default\">\n\t\t\t\t<div class=\"elementor-widget-container\">\n\t\t\t\t\t\t\t\t\t<p>2024 Manakambahiny Ambatondrazaka (VOCA) \u2013 Ambatondrazaka (PSSC)<\/p><p>158 km de route goudronn\u00e9e en bon \u00e9tat s\u00e9pare Moramanga \u00e0 Ambatondrazaka, soit 4 heures de trajet y compris les multiples temps d\u2019arr\u00eats. Avant sa r\u00e9novation, il fallait doubler ce temps de parcours. Cette voie d\u2019acc\u00e8s traverse de vastes plateaux entrecoup\u00e9s de zones vallonn\u00e9es, couvertes\u00a0 d\u2019eucalyptus principalement,\u00a0 de pins est de belles rizi\u00e8res en fond de vall\u00e9e. Le charbon manque et des eucalyptus de trop petites dimensions sont sacrifi\u00e9s pour fournir cette \u00e9nergie. D\u2019immenses rizi\u00e8res entourent la petite ville d\u2019Ambatondrazaka, contr\u00e9e consid\u00e9r\u00e9e comme le grenier de riz du pays. Le train reliait autrefois Moramanga \u00e0 Ambatondrazaka, mais la notion \u00ab\u00a0d\u2019entretien\u00a0\u00bb est tr\u00e8s peu connue dans cette grande \u00eele rouge\u00a0!!!<\/p><p>Situ\u00e9e en pleine campagne, \u00e0 une vingtaine de kilom\u00e8tres d\u2019Ambatondrazaka, la Communaut\u00e9 des S\u0153urs Vocationistes scolarise environ 400 \u00e9l\u00e8ves, de la pr\u00e9scolaire au lyc\u00e9e. Les portes sont ouvertes\u00a0 aux jeunes de toutes confessions confondues, \u00e0 conditions que chaque \u00e9l\u00e8ve, sans exception, participe aux le\u00e7ons de cat\u00e9chisme et autres offices religieux catholiques. Nombreux sont ceux qui se convertissent \u00a0au catholicisme \u00e0 la fin de leurs \u00e9tudes. Les \u00e9l\u00e8ves les plus \u00e9loign\u00e9s de leur domicile r\u00e9sident dans l\u2019internat de la Communaut\u00e9 o\u00f9 \u0153uvrent actuellement 9 S\u0153urs, 8 Aspirantes et 2 novices. Une universit\u00e9 nationale est actuellement en construction aux abords de la Communaut\u00e9.\u00a0 C\u2019est un grand privil\u00e8ge pour les \u00e9tudiants de cette vaste contr\u00e9e oblig\u00e9s jusqu\u2019ici de se d\u00e9placer \u00e0 la capitale, \u00e0 quelque 300 kilom\u00e8tres d\u2019ici.<\/p><p>Chez les S\u0153urs Petites Servantes du Sacr\u00e9 C\u0153ur ici \u00e0 Ambatondrazaka, c\u2019est la p\u00e9riode o\u00f9 des m\u00e9decins ophtalmologues \u00e9trangers, b\u00e9n\u00e9voles, sont l\u00e0 au dispensaire du Centre pour op\u00e9rer des cataractes principalement. Sans tout ce monde volontaire qui \u0153uvre \u00e0 la planification et \u00e0 la r\u00e9alisation de ces interventions, la tr\u00e8s grande majorit\u00e9 des patients, mis\u00e9reux, ach\u00e8veraient leur vie aveugle, atteste S\u0153ur Marie Adeline, responsable de la Communaut\u00e9 (cette ann\u00e9e 130 op\u00e9r\u00e9s). Il faut pr\u00e9ciser que les h\u00f4pitaux publics malagasy refusent toute personne ne pouvant assumer le remboursement des frais m\u00e9dicaux, m\u00e9dicaments compris.<\/p><p>Cette ann\u00e9e, les S\u0153urs ont \u00e9t\u00e9 tr\u00e8s occup\u00e9es \u00e0 la pr\u00e9paration de la c\u00e9l\u00e9bration d\u2019intronisation d\u2019un\u00a0 jeune \u00e9v\u00eaque, \u00e2g\u00e9 de 41 ans.<\/p>\t\t\t\t\t\t\t\t<\/div>\n\t\t\t\t<\/div>\n\t\t\t\t\t<\/div>\n\t\t\t\t<\/div>\n\t\t\t\t<\/div>","protected":false},"excerpt":{"rendered":"<p>2024 Manakambahiny Ambatondrazaka (VOCA) \u2013 Ambatondrazaka (PSSC) 158 km de route goudronn\u00e9e en bon \u00e9tat s\u00e9pare Moramanga \u00e0 Ambatondrazaka, soit 4 heures [&hellip;]<\/p>","protected":false},"author":1,"featured_media":0,"parent":0,"menu_order":0,"comment_status":"closed","ping_status":"closed","template":"","meta":{"footnotes":""},"_links":{"self":[{"href":"https:\/\/missiosancta.com\/en\/wp-json\/wp\/v2\/pages\/1438"}],"collection":[{"href":"https:\/\/missiosancta.com\/en\/wp-json\/wp\/v2\/pages"}],"about":[{"href":"https:\/\/missiosancta.com\/en\/wp-json\/wp\/v2\/types\/page"}],"author":[{"embeddable":true,"href":"https:\/\/missiosancta.com\/en\/wp-json\/wp\/v2\/users\/1"}],"replies":[{"embeddable":true,"href":"https:\/\/missiosancta.com\/en\/wp-json\/wp\/v2\/comments?post=1438"}],"version-history":[{"count":14,"href":"https:\/\/missiosancta.com\/en\/wp-json\/wp\/v2\/pages\/1438\/revisions"}],"predecessor-version":[{"id":2611,"href":"https:\/\/missiosancta.com\/en\/wp-json\/wp\/v2\/pages\/1438\/revisions\/2611"}],"wp:attachment":[{"href":"https:\/\/missiosancta.com\/en\/wp-json\/wp\/v2\/media?parent=1438"}],"curies":[{"name":"wp","href":"https:\/\/api.w.org\/{rel}","templated":true}]}}