{"id":1474,"date":"2024-10-28T19:51:21","date_gmt":"2024-10-28T18:51:21","guid":{"rendered":"https:\/\/missiosancta.com\/?page_id=1474"},"modified":"2025-09-02T17:18:05","modified_gmt":"2025-09-02T15:18:05","slug":"andoharanofotsy-tana","status":"publish","type":"page","link":"https:\/\/missiosancta.com\/en\/andoharanofotsy-tana\/","title":{"rendered":"Andoharanofotsy Tana"},"content":{"rendered":"<div data-elementor-type=\"wp-page\" data-elementor-id=\"1474\" class=\"elementor elementor-1474\">\n\t\t\t\t<div class=\"elementor-element elementor-element-7f9a9fc4 e-con-full e-flex e-con e-parent\" data-id=\"7f9a9fc4\" data-element_type=\"container\" data-settings=\"{&quot;background_background&quot;:&quot;classic&quot;}\">\n\t\t\t\t<\/div>\n\t\t<div class=\"elementor-element elementor-element-4ef407b2 e-flex e-con-boxed e-con e-parent\" data-id=\"4ef407b2\" data-element_type=\"container\">\n\t\t\t\t\t<div class=\"e-con-inner\">\n\t\t\t\t<div class=\"elementor-element elementor-element-689665cd elementor-widget elementor-widget-text-editor\" data-id=\"689665cd\" data-element_type=\"widget\" data-widget_type=\"text-editor.default\">\n\t\t\t\t<div class=\"elementor-widget-container\">\n\t\t\t\t\t\t\t\t\t<p>La Communaut\u00e9 d\u2019Andoharanofotsy se situe \u00e0 une heure de trajet en bus depuis le centre ville de la capitale. C\u2019est un quartier pauvre d\u2019Antananarivo o\u00f9 \u0153uvrent les S\u0153urs de Notre Dame de la Salette. Le dispensaire a \u00e9t\u00e9 reconnu officiellement par le Minist\u00e8re de la Sant\u00e9 Publique en 2018. Depuis lors, il a \u00e9t\u00e9 tr\u00e8s rapidement appr\u00e9ci\u00e9 de la population ; pas moins de 900 consultations sont effectu\u00e9es en moyenne par mois. La tr\u00e8s grande majorit\u00e9 de la population n\u2019ont pas d\u2019assurance maladie. Les gens quelque peu ais\u00e9s financi\u00e8rement payent les frais m\u00e9dicaux ainsi que les m\u00e9dicaments alors que les patients sans un sou ne d\u00e9boursent rien. S\u0153ur Marie Laingo, infirmi\u00e8re et responsable de la Communaut\u00e9, remercie chaleureusement notre association pour sa contribution \u00e0 l\u2019achat de m\u00e9dicaments.<\/p><p>D\u2019autres personnes \u00ab laiss\u00e9es pour compte \u00bb par le gouvernement appr\u00e9cient l\u2019amour et la tendresse que leur offrent les religieuses ; ce sont les 55 handicap\u00e9s mentaux qui ont la chance de fr\u00e9quenter l\u2019\u00e9cole du Centre et pour certains, abandonn\u00e9s \u00e0 leur sort par leur famille, de loger au sein de la Communaut\u00e9.<\/p><p>Intention de pri\u00e8re : pour S\u0153ur Marie Charline, de la Communaut\u00e9 de Notre Dame de la Salette \u00e0 Andoharanofotsy Tana, atteinte d\u2019un cancer et actuellement en traitement m\u00e9dical en France<\/p><p>PS : au cas ou du mat\u00e9riel m\u00e9dical serait envoy\u00e9 de France ou de Suisse, la Communaut\u00e9 est int\u00e9ress\u00e9e par une table d\u2019accouchement, armoire de rangement de m\u00e9dicaments, chaises roulantes, d\u00e9ambulateurs, cannes \u2026<\/p>\t\t\t\t\t\t\t\t<\/div>\n\t\t\t\t<\/div>\n\t\t\t\t\t<\/div>\n\t\t\t\t<\/div>\n\t\t\t\t<\/div>","protected":false},"excerpt":{"rendered":"<p>La Communaut\u00e9 d\u2019Andoharanofotsy se situe \u00e0 une heure de trajet en bus depuis le centre ville de la capitale. C\u2019est un quartier [&hellip;]<\/p>","protected":false},"author":1,"featured_media":0,"parent":0,"menu_order":0,"comment_status":"closed","ping_status":"closed","template":"","meta":{"footnotes":""},"_links":{"self":[{"href":"https:\/\/missiosancta.com\/en\/wp-json\/wp\/v2\/pages\/1474"}],"collection":[{"href":"https:\/\/missiosancta.com\/en\/wp-json\/wp\/v2\/pages"}],"about":[{"href":"https:\/\/missiosancta.com\/en\/wp-json\/wp\/v2\/types\/page"}],"author":[{"embeddable":true,"href":"https:\/\/missiosancta.com\/en\/wp-json\/wp\/v2\/users\/1"}],"replies":[{"embeddable":true,"href":"https:\/\/missiosancta.com\/en\/wp-json\/wp\/v2\/comments?post=1474"}],"version-history":[{"count":16,"href":"https:\/\/missiosancta.com\/en\/wp-json\/wp\/v2\/pages\/1474\/revisions"}],"predecessor-version":[{"id":2614,"href":"https:\/\/missiosancta.com\/en\/wp-json\/wp\/v2\/pages\/1474\/revisions\/2614"}],"wp:attachment":[{"href":"https:\/\/missiosancta.com\/en\/wp-json\/wp\/v2\/media?parent=1474"}],"curies":[{"name":"wp","href":"https:\/\/api.w.org\/{rel}","templated":true}]}}