{"id":1496,"date":"2024-10-28T20:05:35","date_gmt":"2024-10-28T19:05:35","guid":{"rendered":"https:\/\/missiosancta.com\/?page_id=1496"},"modified":"2025-09-02T17:18:31","modified_gmt":"2025-09-02T15:18:31","slug":"ambalanirana","status":"publish","type":"page","link":"https:\/\/missiosancta.com\/en\/ambalanirana\/","title":{"rendered":"Ambalanirana"},"content":{"rendered":"<div data-elementor-type=\"wp-page\" data-elementor-id=\"1496\" class=\"elementor elementor-1496\">\n\t\t\t\t<div class=\"elementor-element elementor-element-747622a4 e-con-full e-flex e-con e-parent\" data-id=\"747622a4\" data-element_type=\"container\" data-settings=\"{&quot;background_background&quot;:&quot;classic&quot;}\">\n\t\t\t\t<\/div>\n\t\t<div class=\"elementor-element elementor-element-62d67202 e-flex e-con-boxed e-con e-parent\" data-id=\"62d67202\" data-element_type=\"container\">\n\t\t\t\t\t<div class=\"e-con-inner\">\n\t\t\t\t<div class=\"elementor-element elementor-element-182954e1 elementor-widget elementor-widget-text-editor\" data-id=\"182954e1\" data-element_type=\"widget\" data-widget_type=\"text-editor.default\">\n\t\t\t\t<div class=\"elementor-widget-container\">\n\t\t\t\t\t\t\t\t\t<p><span data-contrast=\"auto\">En route vers Tsiroanomandidy, petite ville situ\u00e9e \u00e0 220 kms\u00a0 \u00e0 l\u2019ouest d\u2019Antananarivo. Le relief vallonn\u00e9 est magnifique, mais tous les versants manquent de verdure, la for\u00eat a disparu et les feux\u00a0 volontaires font toujours des ravages.\u00a0<\/span><span data-ccp-props=\"{}\">\u00a0<\/span><\/p><p><span data-contrast=\"auto\">Seuls douze petits villages bordent la piste en terre, longue de 92 kms, reliant Tsiroanomandidy \u00e0 Ambalanirana. Peu de terres sont cultiv\u00e9es, la pluie manque et beaucoup de jeunes pr\u00e9f\u00e8rent la ville, espoirs perdus pour beaucoup d\u2019entre eux. La moto est le meilleur moyen de locomotion pour affronter les incalculables irr\u00e9gularit\u00e9s du terrain, ou bien, la marche et le v\u00e9lo pour la majorit\u00e9 des indig\u00e8nes.<\/span><span data-ccp-props=\"{}\">\u00a0<\/span><\/p><p><span data-contrast=\"auto\">La Communaut\u00e9 des S\u0153urs Ursulines s\u2019est install\u00e9e, en ce lieu isol\u00e9 de tout, sans \u00e9lectricit\u00e9 publique, en 1988. Heureusement, le toit de la maison des S\u0153urs est aujourd\u2019hui couvert de panneaux solaires, don \u00ab\u202fd\u2019Energie Assistance France\u202f\u00bb en 2020. L\u00e0 aussi l\u2019eau manque, l\u2019entreprise publique de distribution d\u2019eau (Jirama), ne fournie plus de ce pr\u00e9cieux liquide depuis deux mois. En 2023, la Fondation \u00ab\u202fBien Nourrir l\u2019Homme\u202f\u00bb a financ\u00e9e la construction d\u2019un poulailler et l\u2019achat de 100 pondeuses. Gr\u00e2ce \u00e0 la vente d\u2019une partie des \u0153ufs, S\u0153ur Edith, responsable de la Communaut\u00e9, \u00e0 rachet\u00e9 une cinquantaine de poules. La Communaut\u00e9 a le privil\u00e8ge de poss\u00e9der une petite rizi\u00e8re lui permettant d\u2019assurer son autonomie et celle de son petit orphelinat, au nombre de neuf enfants, dont cinq b\u00e9b\u00e9s de moins de six mois. Les mamans, tr\u00e8s pauvres, sont mortes en couche. Le courage et le dynamisme des six religieuses \u0153uvrant en ce lieu perdu, permets de soutenir et d\u2019aider les innombrables malnutris venant frapp\u00e9s \u00e0 leur porte. S\u0153ur Edith remercie chaleureusement notre association pour son aide pr\u00e9cieuse tout au long de ces derni\u00e8res ann\u00e9es.<\/span><span data-ccp-props=\"{}\">\u00a0<\/span><\/p><p><span data-contrast=\"auto\">Sur le plan religieux, tout est mis en \u0153uvre pour propager la foi catholique\u202f; enseignement du cat\u00e9chisme \u00e0 l\u2019\u00e9cole, pr\u00e9paration \u00e0 la premi\u00e8re communion et \u00e0 la confirmation, pri\u00e8res quotidiennes en classe, r\u00e9citation du chapelet par les \u00e9l\u00e8ves, au nombre de 1&rsquo;100, tous les jours en mai et octobre, annonce de la Bonne Nouvelle par les Soeurs, en brousse, avec les v\u00e9los offerts par notre association.<\/span><span data-ccp-props=\"{}\">\u00a0<\/span><\/p>\t\t\t\t\t\t\t\t<\/div>\n\t\t\t\t<\/div>\n\t\t\t\t\t<\/div>\n\t\t\t\t<\/div>\n\t\t\t\t<\/div>","protected":false},"excerpt":{"rendered":"<p>En route vers Tsiroanomandidy, petite ville situ\u00e9e \u00e0 220 kms\u00a0 \u00e0 l\u2019ouest d\u2019Antananarivo. Le relief vallonn\u00e9 est magnifique, mais tous les versants [&hellip;]<\/p>","protected":false},"author":1,"featured_media":0,"parent":0,"menu_order":0,"comment_status":"closed","ping_status":"closed","template":"","meta":{"footnotes":""},"_links":{"self":[{"href":"https:\/\/missiosancta.com\/en\/wp-json\/wp\/v2\/pages\/1496"}],"collection":[{"href":"https:\/\/missiosancta.com\/en\/wp-json\/wp\/v2\/pages"}],"about":[{"href":"https:\/\/missiosancta.com\/en\/wp-json\/wp\/v2\/types\/page"}],"author":[{"embeddable":true,"href":"https:\/\/missiosancta.com\/en\/wp-json\/wp\/v2\/users\/1"}],"replies":[{"embeddable":true,"href":"https:\/\/missiosancta.com\/en\/wp-json\/wp\/v2\/comments?post=1496"}],"version-history":[{"count":13,"href":"https:\/\/missiosancta.com\/en\/wp-json\/wp\/v2\/pages\/1496\/revisions"}],"predecessor-version":[{"id":2617,"href":"https:\/\/missiosancta.com\/en\/wp-json\/wp\/v2\/pages\/1496\/revisions\/2617"}],"wp:attachment":[{"href":"https:\/\/missiosancta.com\/en\/wp-json\/wp\/v2\/media?parent=1496"}],"curies":[{"name":"wp","href":"https:\/\/api.w.org\/{rel}","templated":true}]}}