{"id":1518,"date":"2024-11-04T20:17:58","date_gmt":"2024-11-04T19:17:58","guid":{"rendered":"https:\/\/missiosancta.com\/?page_id=1518"},"modified":"2025-09-02T17:19:48","modified_gmt":"2025-09-02T15:19:48","slug":"seminaristes","status":"publish","type":"page","link":"https:\/\/missiosancta.com\/en\/seminaristes\/","title":{"rendered":"13 seminarians"},"content":{"rendered":"<div data-elementor-type=\"wp-page\" data-elementor-id=\"1518\" class=\"elementor elementor-1518\">\n\t\t\t\t<div class=\"elementor-element elementor-element-4028f5a0 e-con-full e-flex e-con e-parent\" data-id=\"4028f5a0\" data-element_type=\"container\" data-settings=\"{&quot;background_background&quot;:&quot;classic&quot;}\">\n\t\t\t\t<\/div>\n\t\t<div class=\"elementor-element elementor-element-50618919 e-flex e-con-boxed e-con e-parent\" data-id=\"50618919\" data-element_type=\"container\">\n\t\t\t\t\t<div class=\"e-con-inner\">\n\t\t\t\t<div class=\"elementor-element elementor-element-1233cdb2 elementor-widget elementor-widget-text-editor\" data-id=\"1233cdb2\" data-element_type=\"widget\" data-widget_type=\"text-editor.default\">\n\t\t\t\t<div class=\"elementor-widget-container\">\n\t\t\t\t\t\t\t\t\t<p>2024 Antsirabe (SCJR) &#8211; Antsirabe (Fch)<\/p><p>160 kms s\u00e9parent Antananarivo \u00e0 Antsirabe, 2\u00e8me ville en importance du pays. Il a fallu 5 heures de slalom entre les nids de poules, quelquefois g\u00e9ants, pour parcourir cette distance. Ici et l\u00e0, de petits enfants \u00abcantonniers \u00bb ou des adultes, pauvres, remblaient quelques trous avec la lat\u00e9rite (terre rouge) trouv\u00e9e sur place pour gagner quelques sous. Les voyageurs bienveillants lancent au passage une obole. Comment une Autorit\u00e9 responsable peut-elle n\u00e9gliger pareillement l\u2019entretien de cette route nationale (RN7), seule voie de communication routi\u00e8re reliant l\u2019\u00eele du nord au sud ?<\/p><p>Rencontre avec le P\u00e8re Roland, enseignant au s\u00e9minaire de la Communaut\u00e9 des P\u00e8res Notre Dame de la Salette \u00e0 Antsirabe. Treize s\u00e9minaristes ont la chance d\u2019\u00e9tudier dans un cadre naturel magnifique, entour\u00e9 de for\u00eats de pins. Cet endroit est \u00e9galement le lieu de rencontre annuel du grand p\u00e8lerinage de notre Dame de la Salette. Le P\u00e8re Roland b\u00e9n\u00e9ficie occasionnellement de dons de messes offerts par l\u2019Abb\u00e9 Claude pour des d\u00e9funts de son Unit\u00e9 Pastorale en Gruy\u00e8re.<\/p><p>Arriv\u00e9e en l\u2019an 2&rsquo;000 dans la banlieue d\u2019Antsirabe, la Communaut\u00e9 italienne des S\u0153urs du Sacr\u00e9 C\u0153ur de J\u00e9sus de Raguse est appr\u00e9ci\u00e9e de la population par l\u2019accueil, en particulier, d\u2019une soixantaine d\u2019enfants orphelins. En ce samedi de novembre il n\u2019y a pas d\u2019\u00e9cole, chaque mineur effectue un travail de nettoyage de l\u2019orphelinat ou d\u2019une lessive, et tout ceci dans la bonne humeur, avec le sourire. L\u2019ambiance qui y r\u00e8gne est chaleureuse. On frappe \u00e0 la porte en moyenne deux fois par semaine, m\u2019indique S\u0153ur Victoire, responsable de l\u2019orphelinat, pour demander l\u2019admission d\u2019un enfant abandonn\u00e9 \u00e0 son sort. Malheureusement la place manque et les co\u00fbts de prise en charge totaux de chaque individu sont \u00e9lev\u00e9s. S\u0153ur Victoire remercie chaleureusement notre association pour son pr\u00e9cieux soutien financier. La pauvret\u00e9 croissante de la population se r\u00e9percute sur la s\u00e9curit\u00e9 et les vols, en particulier, dont a \u00e9t\u00e9 victime la Communaut\u00e9 ; des sacs de riz, des porcs et m\u00eame l\u2019unique t\u00e9l\u00e9vision de tout l\u2019\u00e9tablissement ont \u00e9t\u00e9 d\u00e9rob\u00e9s. On a empoisonn\u00e9 le chien qui est mort le lendemain des vols. Depuis lors on a plac\u00e9 des cam\u00e9ras de surveillance, mais chaque impr\u00e9vu cr\u00e9e de gros probl\u00e8mes budg\u00e9taires. Tous les r\u00e9sidents de la Communaut\u00e9, sans exception, se privent de riz deux fois par semaine, pour s\u2019alimenter de ma\u00efs, deux fois moins cher. La foi nous aide \u00e0 surmonter les \u00e9preuves, conclue S\u0153ur Victoire. PS : le nombre de vocations dans cette Congr\u00e9gation est sup\u00e9rieur \u00e0 la demande ; un certain nombre de religieuses sont envoy\u00e9es en Italie pour parer, l\u00e0-bas et ailleurs dans le monde, au manque inqui\u00e9tant de vocations.<\/p><p>Il \u00e9tait 18.00 heures samedi, je cheminais en ville, quatre enfants de moins de dix ans erraient dans la rue, transis de froid. L\u2019orage \u00e9tait pass\u00e9 par l\u00e0, leurs habits en loques \u00e9taient tremp\u00e9s. Ils grelotaient, ils avaient faim. Pas de mamans en vue, ni de p\u00e8res, ils dorment dans la rue. Quelles \u00e9motions, j\u2019avais envie de les emmener avec moi ! J\u2019ai pu satisfaire leurs estomacs, mais comment ne pas se r\u00e9volter contre ces corrompus qui volent chaque jour les pauvres ?<\/p><p>Le chemin qui acc\u00e8de \u00e0 la Communaut\u00e9 des Filles de la Charit\u00e9 ici \u00e0 Antsirabe traverse un quartier tr\u00e8s pauvre. Une femme, en voiture, d\u00e9pose son cornet poubelle dans les d\u00e9bris immondes amass\u00e9s en bordure de chauss\u00e9e. Le cornet est de suite \u00ab pill\u00e9 \u00bb par des mis\u00e9reux avant que des poules, des chiens, des rats se chargent d\u2019avaler les derni\u00e8res miettes. Quelle mis\u00e8re !<\/p><p>S\u0153ur Marguerite, responsable de la Communaut\u00e9 s\u2019occupe, avec ses Cons\u0153urs, \u00e0 choyer des petits handicap\u00e9s op\u00e9r\u00e9s derni\u00e8rement pour des pieds-bots, principalement. Ces jeunes, de 4 \u00e0 12 ans, sont n\u00e9s dans des familles sans-le-sou, en brousse. Ici, ils ont le privil\u00e8ge de b\u00e9n\u00e9ficier d\u2019une \u00e9cole<\/p><p>d\u2019alphab\u00e9tisation durant 4 \u00e0 5 mois avant de rejoindre le Centre de r\u00e9\u00e9ducation de la Congr\u00e9gation \u00e0 Andemaka. S\u0153ur Marguerite est infatigable ; elle est \u00e9galement responsable nationale du mouvement \u00ab jeunesse mariale vincencisienne \u00bb regroupant 11&rsquo;000 jeunes dans 17 dioc\u00e8ses du pays.<\/p>\t\t\t\t\t\t\t\t<\/div>\n\t\t\t\t<\/div>\n\t\t\t\t\t<\/div>\n\t\t\t\t<\/div>\n\t\t\t\t<\/div>","protected":false},"excerpt":{"rendered":"<p>2024 Antsirabe (SCJR) &#8211; Antsirabe (Fch) 160 kms s\u00e9parent Antananarivo \u00e0 Antsirabe, 2\u00e8me ville en importance du pays. Il a fallu 5 [&hellip;]<\/p>","protected":false},"author":1,"featured_media":0,"parent":0,"menu_order":0,"comment_status":"closed","ping_status":"closed","template":"","meta":{"footnotes":""},"_links":{"self":[{"href":"https:\/\/missiosancta.com\/en\/wp-json\/wp\/v2\/pages\/1518"}],"collection":[{"href":"https:\/\/missiosancta.com\/en\/wp-json\/wp\/v2\/pages"}],"about":[{"href":"https:\/\/missiosancta.com\/en\/wp-json\/wp\/v2\/types\/page"}],"author":[{"embeddable":true,"href":"https:\/\/missiosancta.com\/en\/wp-json\/wp\/v2\/users\/1"}],"replies":[{"embeddable":true,"href":"https:\/\/missiosancta.com\/en\/wp-json\/wp\/v2\/comments?post=1518"}],"version-history":[{"count":10,"href":"https:\/\/missiosancta.com\/en\/wp-json\/wp\/v2\/pages\/1518\/revisions"}],"predecessor-version":[{"id":2620,"href":"https:\/\/missiosancta.com\/en\/wp-json\/wp\/v2\/pages\/1518\/revisions\/2620"}],"wp:attachment":[{"href":"https:\/\/missiosancta.com\/en\/wp-json\/wp\/v2\/media?parent=1518"}],"curies":[{"name":"wp","href":"https:\/\/api.w.org\/{rel}","templated":true}]}}