{"id":1564,"date":"2024-12-04T21:35:10","date_gmt":"2024-12-04T20:35:10","guid":{"rendered":"https:\/\/missiosancta.com\/?page_id=1564"},"modified":"2025-09-02T17:20:44","modified_gmt":"2025-09-02T15:20:44","slug":"visite-des-missions-jour-2","status":"publish","type":"page","link":"https:\/\/missiosancta.com\/en\/visite-des-missions-jour-2\/","title":{"rendered":"Visite des missions &#8211; Jour 2"},"content":{"rendered":"<div data-elementor-type=\"wp-page\" data-elementor-id=\"1564\" class=\"elementor elementor-1564\">\n\t\t\t\t<div class=\"elementor-element elementor-element-8658473 e-con-full e-flex e-con e-parent\" data-id=\"8658473\" data-element_type=\"container\" data-settings=\"{&quot;background_background&quot;:&quot;classic&quot;}\">\n\t\t\t\t<\/div>\n\t\t<div class=\"elementor-element elementor-element-b951a73 e-flex e-con-boxed e-con e-parent\" data-id=\"b951a73\" data-element_type=\"container\">\n\t\t\t\t\t<div class=\"e-con-inner\">\n\t\t\t\t<div class=\"elementor-element elementor-element-83d9f97 elementor-widget elementor-widget-text-editor\" data-id=\"83d9f97\" data-element_type=\"widget\" data-widget_type=\"text-editor.default\">\n\t\t\t\t<div class=\"elementor-widget-container\">\n\t\t\t\t\t\t\t\t\t<p>Nous commen\u00e7ons la journ\u00e9e par une messe totalement en fran\u00e7ais, et le p\u00e8re Etienne pr\u00eache pour la premi\u00e8re fois en fran\u00e7ais, c&rsquo;est un grand honneur qu&rsquo;il me fait, Merci mon Dieu.<br \/>Cette ann\u00e9e il y a eu 16 ordinations dans le dioc\u00e8se<\/p><p>Nous reprenons la piste pour rentrer a Tana et la pluie abondante rend le parcours glissant et parfois sportif. Sr Odile qui m&rsquo;accompagne fait partir d&rsquo;une famille de 7 enfants dont le dernier est novice Ursuline. Elle me raconte qu&rsquo;au mois de f\u00e9vrier 2024, de retour de Tana o\u00f9 elles ont d\u00e9pos\u00e9 la femme d\u2019\u00c9douard le chauffeur pour un accouchement avec c\u00e9sarienne, la piste est devenue impraticable avec de l&rsquo;eau jusqu&rsquo;au torse. Les 2 s\u0153urs avec 8 enfants handicap\u00e9s ont du \u00e9vacuer le 4&#215;4 pour dormir dehors pendant 2 jours et enfin rentrer \u00e0 la mission ; quelle force et pers\u00e9v\u00e9rance ! Apr\u00e8s 2h de piste nous croisons une paroisse dans laquelle les s\u0153urs \u00e9vang\u00e9lisent \u00e0 tour de r\u00f4le pour les enfants ou les jeunes. Parfois nous sommes bloqu\u00e9s par les bus et 4&#215;4 de la \u00ab\u00a0propagande\u00a0\u00bb qui sont pay\u00e9s par le candidat maire du district, c&rsquo;est a dire le gouvernement qui laisse la pauvret\u00e9 augmenter (81% vivent avec moins de 2\u20ac par jour).<\/p><p>Je change de v\u00e9hicule sur la route pour continuer avec sr Yvonne, responsable de la mission Marie Ang\u00e8le situ\u00e9e a Namehana avec un orphelinat de 46 jeunes filles de 7 a 18 ans plac\u00e9es par les assistantes sociales et une \u00e9cole de 946 \u00e9l\u00e8ves. Les jeunes filles sont toutes catholiques ou le deviennent.<\/p><p>L&rsquo;orphelinat est financ\u00e9 par une association fran\u00e7aise d&rsquo;adoption pour 1\/3 des d\u00e9penses d&rsquo;\u00e9ducation et 1\/3 par les Ursulines. Le dernier tiers n&rsquo;est plus financ\u00e9 et la Providence a permis de financer leur nouvelle voiture par nos donateurs. Il \u00e9tait temps car l&rsquo;ancienne voiture tombait souvent en panne et devait \u00eatre pouss\u00e9e par des jeunes dans la rue moyennant un billet.<\/p><p>Nous \u00e9changeons sur la transmission de la foi et sr Yvonne me souligne que si l&rsquo;on n&rsquo;\u00e9coute ou n&rsquo;entend pas la voix du Seigneur alors on reste dans les t\u00e9n\u00e8bres.<\/p><p>L&rsquo;\u00e9glise au milieu de l&rsquo;\u00e9cole compte 3000 paroissiens fid\u00e8les avec 2 p\u00e8res orionistes pour 10 paroisses. Des confessions trimestrielles sont propos\u00e9es avec une messe et une adoration par mois.<\/p><p>Le principal frein a la propagation de la foi sont les pr\u00eatres orinistes qui sont peu disponibles pour les jeunes. Le sup\u00e9rieur des orionistes n&rsquo;a pas accept\u00e9 la demande des s\u0153urs pour des confessions et une messe hebdomadaire a l&rsquo;orphelinat. Les s\u0153ursrecherchent donc un pr\u00eatre soit dioc\u00e9sain ou Sal\u00e9siens.<\/p><p>L&rsquo;id\u00e9e d&rsquo;un petit d\u00e9jeuner offert aux \u00e9l\u00e8ves apr\u00e8s la messe de 6h est \u00e9voqu\u00e9 pour proposer une messe hebdomadaire.<br \/>Le cat\u00e9chisme est dispens\u00e9 par plusieurs s\u0153urs et les 4 postulantes en stage a la mission. Toutefois elles n\u2019ont presque aucun support, la transmission de la foi et la pr\u00e9paration aux sacrements reposent beaucoup sur le t\u00e9moignage et l&rsquo;\u00e9change en groupe. Des fascicules et un projecteur vid\u00e9o sembleraient utile.<\/p><p>Je finis ma journ\u00e9e par une messe anticip\u00e9e de la f\u00eate Christ Roi dans la paroisse qui porte le m\u00eame nom. Demain sera une nouvelle journ\u00e9e de transport pour rejoindre une autre mission en brousse.<br \/>Lou\u00e9 soit le Christ Roi !<\/p>\t\t\t\t\t\t\t\t<\/div>\n\t\t\t\t<\/div>\n\t\t\t\t\t<\/div>\n\t\t\t\t<\/div>\n\t\t\t\t<\/div>","protected":false},"excerpt":{"rendered":"<p>Nous commen\u00e7ons la journ\u00e9e par une messe totalement en fran\u00e7ais, et le p\u00e8re Etienne pr\u00eache pour la premi\u00e8re fois en fran\u00e7ais, c&rsquo;est [&hellip;]<\/p>","protected":false},"author":1,"featured_media":0,"parent":0,"menu_order":0,"comment_status":"closed","ping_status":"closed","template":"","meta":{"footnotes":""},"_links":{"self":[{"href":"https:\/\/missiosancta.com\/en\/wp-json\/wp\/v2\/pages\/1564"}],"collection":[{"href":"https:\/\/missiosancta.com\/en\/wp-json\/wp\/v2\/pages"}],"about":[{"href":"https:\/\/missiosancta.com\/en\/wp-json\/wp\/v2\/types\/page"}],"author":[{"embeddable":true,"href":"https:\/\/missiosancta.com\/en\/wp-json\/wp\/v2\/users\/1"}],"replies":[{"embeddable":true,"href":"https:\/\/missiosancta.com\/en\/wp-json\/wp\/v2\/comments?post=1564"}],"version-history":[{"count":13,"href":"https:\/\/missiosancta.com\/en\/wp-json\/wp\/v2\/pages\/1564\/revisions"}],"predecessor-version":[{"id":2626,"href":"https:\/\/missiosancta.com\/en\/wp-json\/wp\/v2\/pages\/1564\/revisions\/2626"}],"wp:attachment":[{"href":"https:\/\/missiosancta.com\/en\/wp-json\/wp\/v2\/media?parent=1564"}],"curies":[{"name":"wp","href":"https:\/\/api.w.org\/{rel}","templated":true}]}}