{"id":1583,"date":"2024-12-04T22:01:30","date_gmt":"2024-12-04T21:01:30","guid":{"rendered":"https:\/\/missiosancta.com\/?page_id=1583"},"modified":"2025-09-02T17:21:12","modified_gmt":"2025-09-02T15:21:12","slug":"visite-des-missions-jour-3","status":"publish","type":"page","link":"https:\/\/missiosancta.com\/en\/visite-des-missions-jour-3\/","title":{"rendered":"Visite des missions &#8211; Jour 3"},"content":{"rendered":"<div data-elementor-type=\"wp-page\" data-elementor-id=\"1583\" class=\"elementor elementor-1583\">\n\t\t\t\t<div class=\"elementor-element elementor-element-45722334 e-con-full e-flex e-con e-parent\" data-id=\"45722334\" data-element_type=\"container\" data-settings=\"{&quot;background_background&quot;:&quot;classic&quot;}\">\n\t\t\t\t<\/div>\n\t\t<div class=\"elementor-element elementor-element-71482fcd e-flex e-con-boxed e-con e-parent\" data-id=\"71482fcd\" data-element_type=\"container\">\n\t\t\t\t\t<div class=\"e-con-inner\">\n\t\t\t\t<div class=\"elementor-element elementor-element-52e4b215 elementor-widget elementor-widget-text-editor\" data-id=\"52e4b215\" data-element_type=\"widget\" data-widget_type=\"text-editor.default\">\n\t\t\t\t<div class=\"elementor-widget-container\">\n\t\t\t\t\t\t\t\t\t<p>Apr\u00e8s un caf\u00e9 avec s\u0153ur Denise, nous prenons la route d&rsquo; Anivorano, pilonn\u00e9e par les portes containers de Tamatave.<br \/>S\u0153ur Denise fait partie d&rsquo;une famille de 7 enfants qui compte 3 religieuses ; elle est pass\u00e9e par Gen\u00e8ve o\u00f9 une communaut\u00e9 garde les enfants de familles Suisse, quel contraste&#8230; On a pens\u00e9 a mettre dans les couloirs de la garderie les photos des projets a financer dans ce pays le plus pauvre au monde. <br \/>La route devient tr\u00e8s chaotique avec de la piste et du goudron cribl\u00e9s de nids de poules. Une multitude de camions en provenance de Tamatave, souvent en panne, emp\u00eachent une progression normale. Nous arrivons 6h apr\u00e8s a Brickaville pour prendre la pirogue taxi et remonter le fleuve pendant 3h. Nous parvenons enfin a la mission dans un village tr\u00e8s pauvre.<\/p><p>Dans cette mission, les Ursulines g\u00e8rent une \u00e9cole, un petit h\u00f4pital avec une salle d&rsquo;op\u00e9ration financ\u00e9e par des italiens et un internat pour des enfants de familles tr\u00e8s pauvre. L&rsquo;\u00e9cole accueille 495 \u00e9l\u00e8ves dont 125 sont d&rsquo;autres religions et 91 non baptis\u00e9s de parents catholiques.<br \/>Deux p\u00e8res montfortains logent juste a c\u00f4t\u00e9 et g\u00e8rent 80 paroisses perdues dans la brousse a plusieurs heures de marche. Les \u00e9l\u00e8ves sont invit\u00e9s a une messe et adoration eucharistique par mois et 2h de cat\u00e9chisme par semaine sont au programme. La vie de deux saints est \u00e9tudi\u00e9e pendant l&rsquo;ann\u00e9e. Un projet d&rsquo;oratoire dans l&rsquo;\u00e9cole est a l&rsquo;\u00e9tude.<br \/>Je retrouve la communaut\u00e9 des 6 s\u0153urs et 3 postulantes. Soeur Marie Louise est partie avec le responsable des jeunes catholiques, en mission a 1h de moto et 6h de marche AR pour animer une c\u00e9l\u00e9bration sans eucharistie (les pr\u00eatres \u00e9tant a Tana pour un chapitre) avec 200 jeunes en plein milieu de la for\u00eat, coup\u00e9 du monde.<\/p><p>L&rsquo;ann\u00e9e prochaine la paroisse f\u00eate les 90 ans de l&rsquo;arriv\u00e9e de la foi, initi\u00e9e par des pr\u00eatres fran\u00e7ais montfortains.<br \/>La propagation de la foi est difficile car les familles sont disloqu\u00e9es par les polygamies, les s\u00e9parations de couple, les traditions animistes. Les parents laissent les enfants choisir leur foi.<\/p><p>Nous finissons la journ\u00e9e par un copieux d\u00eener et de nombreux \u00e9changes et beaucoup de rires.<\/p>\t\t\t\t\t\t\t\t<\/div>\n\t\t\t\t<\/div>\n\t\t\t\t\t<\/div>\n\t\t\t\t<\/div>\n\t\t\t\t<\/div>","protected":false},"excerpt":{"rendered":"<p>Apr\u00e8s un caf\u00e9 avec s\u0153ur Denise, nous prenons la route d&rsquo; Anivorano, pilonn\u00e9e par les portes containers de Tamatave.S\u0153ur Denise fait partie [&hellip;]<\/p>","protected":false},"author":1,"featured_media":0,"parent":0,"menu_order":0,"comment_status":"closed","ping_status":"closed","template":"","meta":{"footnotes":""},"_links":{"self":[{"href":"https:\/\/missiosancta.com\/en\/wp-json\/wp\/v2\/pages\/1583"}],"collection":[{"href":"https:\/\/missiosancta.com\/en\/wp-json\/wp\/v2\/pages"}],"about":[{"href":"https:\/\/missiosancta.com\/en\/wp-json\/wp\/v2\/types\/page"}],"author":[{"embeddable":true,"href":"https:\/\/missiosancta.com\/en\/wp-json\/wp\/v2\/users\/1"}],"replies":[{"embeddable":true,"href":"https:\/\/missiosancta.com\/en\/wp-json\/wp\/v2\/comments?post=1583"}],"version-history":[{"count":10,"href":"https:\/\/missiosancta.com\/en\/wp-json\/wp\/v2\/pages\/1583\/revisions"}],"predecessor-version":[{"id":2629,"href":"https:\/\/missiosancta.com\/en\/wp-json\/wp\/v2\/pages\/1583\/revisions\/2629"}],"wp:attachment":[{"href":"https:\/\/missiosancta.com\/en\/wp-json\/wp\/v2\/media?parent=1583"}],"curies":[{"name":"wp","href":"https:\/\/api.w.org\/{rel}","templated":true}]}}