{"id":1597,"date":"2024-12-04T22:43:15","date_gmt":"2024-12-04T21:43:15","guid":{"rendered":"https:\/\/missiosancta.com\/?page_id=1597"},"modified":"2025-09-02T17:08:21","modified_gmt":"2025-09-02T15:08:21","slug":"visite-des-missions-jour-4","status":"publish","type":"page","link":"https:\/\/missiosancta.com\/en\/visite-des-missions-jour-4\/","title":{"rendered":"Visite des missions &#8211; Jour 4"},"content":{"rendered":"<div data-elementor-type=\"wp-page\" data-elementor-id=\"1597\" class=\"elementor elementor-1597\">\n\t\t\t\t<div class=\"elementor-element elementor-element-1ac39555 e-con-full e-flex e-con e-parent\" data-id=\"1ac39555\" data-element_type=\"container\" data-settings=\"{&quot;background_background&quot;:&quot;classic&quot;}\">\n\t\t\t\t<\/div>\n\t\t<div class=\"elementor-element elementor-element-5a8ebf35 e-flex e-con-boxed e-con e-parent\" data-id=\"5a8ebf35\" data-element_type=\"container\">\n\t\t\t\t\t<div class=\"e-con-inner\">\n\t\t\t\t<div class=\"elementor-element elementor-element-270110bb elementor-widget elementor-widget-text-editor\" data-id=\"270110bb\" data-element_type=\"widget\" data-widget_type=\"text-editor.default\">\n\t\t\t\t<div class=\"elementor-widget-container\">\n\t\t\t\t\t\t\t\t\t<div dir=\"auto\" data-olk-copy-source=\"MessageBody\">La chaleur est d\u00e9j\u00e0 lourde \u00e0 5h du matin et nous la commen\u00e7ons par la pri\u00e8re des laudes suivi d&rsquo;une m\u00e9ditation de l&rsquo;\u00e9vangile de dimanche prochain (toutes ont partag\u00e9 la m\u00eame parole : \u00ab\u00a0restez \u00e9veillez et priez sans cesse\u00a0\u00bb). les pr\u00eatres \u00e9tant absent, la messe quotidienne est remplac\u00e9e par la lecture de la parole de Dieu du jour avec la communion au corps du Christ, source de toute activit\u00e9.<\/div><div id=\"x_ms-outlook-mobile-signature\" dir=\"auto\"><div>\u00a0<\/div><div dir=\"auto\">Tous les lundis matins, une pri\u00e8re est faite avec tous les travailleurs (dont Michel le jardinier et gardien) de la mission et les pauvres femmes qui rendent des petits services, c&rsquo;est important de donner de l&rsquo;argent en \u00e9change d&rsquo;un travail.<\/div><div id=\"x_ms-outlook-mobile-signature\" dir=\"auto\">\u00a0<\/div>Pendant le petit d\u00e9jeuner, a base de riz, de de fruits, nous \u00e9changeons sur les cas critiques de nourrissons orphelins amen\u00e9s par des femmes qui demandent du lait. Ce pr\u00e9cieux lait premier \u00e2ge que nous avons financ\u00e9 pour un temps mais qui est d\u00e9j\u00e0 \u00e9puis\u00e9 par manque de donateurs.<\/div><div id=\"x_ms-outlook-mobile-signature\" dir=\"auto\">\u00a0<\/div><div id=\"x_ms-outlook-mobile-signature\" dir=\"auto\">L&rsquo;ann\u00e9e derni\u00e8re nous avons financ\u00e9 les plafonds pour l&rsquo;internat, la pompe solaire du puits et du lait pour les malades et nourrissons. Malheureusement les bienfaiteurs sont rares hormis la structure du dispensaire aid\u00e9 par une association italienne.\u00a0<\/div><div id=\"x_ms-outlook-mobile-signature\" dir=\"auto\">\u00a0<\/div><div id=\"x_ms-outlook-mobile-signature\" dir=\"auto\">Depuis l&rsquo;installation par les s\u0153urs d&rsquo;un m\u00e9decin et d&rsquo;une sage femme, pay\u00e9s par les Ursulines, les malades affluent. En ce moment il y a 8 malades, le palud et la typho\u00efde sont actifs en ce moment. Les Ursulines financent le plupart des soins, le gouvernement est absent comme d&rsquo;habitude. Sr Marie Louise, infirmi\u00e8re, sage femme et laborantine est un peu seule pour tous ces soins, il ne faudrait pas qu&rsquo;elle s&rsquo;\u00e9puise..<\/div><div id=\"x_ms-outlook-mobile-signature\" dir=\"auto\">\u00a0<\/div><div id=\"x_ms-outlook-mobile-signature\" dir=\"auto\">Les 365 messages de Zefirino Agostino (fondateur des Ursulines) sont propos\u00e9s pendant l&rsquo;attente des patients avec un jeton a tirer dans un sac. Beaucoup de gens viennent juste pour tirer un jeton. Le livre \u00a0\u00bb vol en haut vers le bien\u00a0\u00bb du fondateur est aussi propos\u00e9 a la vente. Une statue de Marie a \u00e9t\u00e9 achet\u00e9 pour accueillir les \u00e9l\u00e8ves et malades, tout est fait dans les \u0153uvres sociales pour amener les personnes vers Dieu.<\/div><div id=\"x_ms-outlook-mobile-signature\" dir=\"auto\">Nous visitons l&rsquo;\u00e9cole et la salle informatique qui a 20 ordinateurs sans \u00e9lectricit\u00e9, il faut encore ici des panneaux solaires.<\/div><div id=\"x_ms-outlook-mobile-signature\" dir=\"auto\">\u00a0<\/div><div id=\"x_ms-outlook-mobile-signature\" dir=\"auto\">Une vieille femme soutenu par la communaut\u00e9 nous am\u00e8ne a sa cabane en restauration par ses fils qui sortent de prison. La pauvret\u00e9 est immense ici.<\/div><div id=\"x_ms-outlook-mobile-signature\" dir=\"auto\">Nous passons par l&rsquo;\u00e9cole et l&rsquo;h\u00f4pital publique&#8230; De tr\u00e8s vieux b\u00e2timents a l&rsquo;abandon et un personnel peu estim\u00e9 et form\u00e9.<\/div><div id=\"x_ms-outlook-mobile-signature\" dir=\"auto\">\u00a0<\/div><div id=\"x_ms-outlook-mobile-signature\" dir=\"auto\">Je d\u00e9couvre aussi un chemin de croix inachev\u00e9 a restaurer. Le lieu est magnifique, cela semble important d&rsquo;aider les pr\u00eatres a le mettre en valeur.\u00a0<\/div><div id=\"x_ms-outlook-mobile-signature\" dir=\"auto\">\u00a0<\/div><div id=\"x_ms-outlook-mobile-signature\" dir=\"auto\">Une buvette et des objets pieux sont vendus, un espace sanitaire est en cours d&rsquo;am\u00e9nagement pour les malades, une salle d&rsquo;accouchement et un projet de construction de maison pour les tuberculeux est a l&rsquo;\u00e9tude; le travail est permanent dans les missions pour diffuser le bien autour.<\/div><div id=\"x_ms-outlook-mobile-signature\" dir=\"auto\">\u00a0<\/div><div id=\"x_ms-outlook-mobile-signature\" dir=\"auto\">Nous finissons le journ\u00e9e par une f\u00eate cl\u00f4tur\u00e9e par les danses des jeunes filles de l&rsquo;internat.<\/div><div id=\"x_ms-outlook-mobile-signature\" dir=\"auto\">\u00a0<\/div><div id=\"x_ms-outlook-mobile-signature\" dir=\"auto\">Merci mon Dieu<\/div><div id=\"x_ms-outlook-mobile-signature\" dir=\"auto\">\u00a0<\/div><div id=\"x_ms-outlook-mobile-signature\" dir=\"auto\">Parole des v\u00eapres :<\/div><div id=\"x_ms-outlook-mobile-signature\" dir=\"auto\">\u00a0<\/div><div id=\"x_ms-outlook-mobile-signature\" dir=\"auto\">\u00ab\u00a0Regarde ton \u00c9glise dispers\u00e9e dans le monde :\u2014 qu\u2019elle porte l\u2019\u00c9vangile jusqu\u2019aux terres lointaines.\u00a0\u00bb<\/div><div id=\"x_ms-outlook-mobile-signature\" dir=\"auto\">\u00a0<\/div><div id=\"x_ms-outlook-mobile-signature\" dir=\"auto\">\u00ab\u00a0Seigneur, comme des serviteurs inutiles, recueille sur nos l\u00e8vres l&rsquo;action de gr\u00e2ce pour tous les biens re\u00e7us de toi.\u00a0\u00bb<\/div><div id=\"x_ms-outlook-mobile-signature\" dir=\"auto\">\u00a0<\/div><div id=\"x_ms-outlook-mobile-signature\" dir=\"auto\"><span style=\"text-decoration: underline;\">Les projets a financer sont les suivants :<\/span><\/div><div id=\"x_ms-outlook-mobile-signature\" dir=\"auto\">\u00a0<\/div><div id=\"x_ms-outlook-mobile-signature\" dir=\"auto\">1 Barque pour la mission et transport<\/div><div id=\"x_ms-outlook-mobile-signature\" dir=\"auto\">1 Moto pour la mission et transport<\/div><div id=\"x_ms-outlook-mobile-signature\" dir=\"auto\">1 Lait pour les nourrissons orphelins<\/div><div id=\"x_ms-outlook-mobile-signature\" dir=\"auto\">2 R\u00e9paration voiture<\/div><div id=\"x_ms-outlook-mobile-signature\" dir=\"auto\">2 Cl\u00f4ture du jardin pour \u00e9viter les vols de la production de fruits des soeurs.<\/div><div id=\"x_ms-outlook-mobile-signature\" dir=\"auto\">2 Panneaux solaires pour la classe informatique<\/div><div id=\"x_ms-outlook-mobile-signature\" dir=\"auto\">3 Poulailler car il est inond\u00e9 r\u00e9guli\u00e8rement<\/div><div id=\"x_ms-outlook-mobile-signature\" dir=\"auto\">\u00a0<\/div><div id=\"x_ms-outlook-mobile-signature\" dir=\"auto\">Petite biblioth\u00e8que pour l&rsquo;internat, des livres simples d&rsquo;\u00e9ducation.<\/div><div id=\"x_ms-outlook-mobile-signature\" dir=\"auto\">Vid\u00e9o projecteur<\/div><div id=\"x_ms-outlook-mobile-signature\" dir=\"auto\">Missel fran\u00e7ais de la semaine<\/div><div id=\"x_ms-outlook-mobile-signature\" dir=\"auto\">Jeunes filles fran\u00e7aises sont d\u00e9sir\u00e9es pour aider.<\/div>\t\t\t\t\t\t\t\t<\/div>\n\t\t\t\t<\/div>\n\t\t\t\t\t<\/div>\n\t\t\t\t<\/div>\n\t\t\t\t<\/div>","protected":false},"excerpt":{"rendered":"<p>La chaleur est d\u00e9j\u00e0 lourde \u00e0 5h du matin et nous la commen\u00e7ons par la pri\u00e8re des laudes suivi d&rsquo;une m\u00e9ditation de [&hellip;]<\/p>","protected":false},"author":1,"featured_media":0,"parent":0,"menu_order":0,"comment_status":"closed","ping_status":"closed","template":"","meta":{"footnotes":""},"_links":{"self":[{"href":"https:\/\/missiosancta.com\/en\/wp-json\/wp\/v2\/pages\/1597"}],"collection":[{"href":"https:\/\/missiosancta.com\/en\/wp-json\/wp\/v2\/pages"}],"about":[{"href":"https:\/\/missiosancta.com\/en\/wp-json\/wp\/v2\/types\/page"}],"author":[{"embeddable":true,"href":"https:\/\/missiosancta.com\/en\/wp-json\/wp\/v2\/users\/1"}],"replies":[{"embeddable":true,"href":"https:\/\/missiosancta.com\/en\/wp-json\/wp\/v2\/comments?post=1597"}],"version-history":[{"count":16,"href":"https:\/\/missiosancta.com\/en\/wp-json\/wp\/v2\/pages\/1597\/revisions"}],"predecessor-version":[{"id":2572,"href":"https:\/\/missiosancta.com\/en\/wp-json\/wp\/v2\/pages\/1597\/revisions\/2572"}],"wp:attachment":[{"href":"https:\/\/missiosancta.com\/en\/wp-json\/wp\/v2\/media?parent=1597"}],"curies":[{"name":"wp","href":"https:\/\/api.w.org\/{rel}","templated":true}]}}