{"id":1619,"date":"2024-12-04T23:14:49","date_gmt":"2024-12-04T22:14:49","guid":{"rendered":"https:\/\/missiosancta.com\/?page_id=1619"},"modified":"2025-09-03T09:21:48","modified_gmt":"2025-09-03T07:21:48","slug":"visite-des-missions-jour-5","status":"publish","type":"page","link":"https:\/\/missiosancta.com\/en\/visite-des-missions-jour-5\/","title":{"rendered":"Visite des missions &#8211; Jour 5"},"content":{"rendered":"<div data-elementor-type=\"wp-page\" data-elementor-id=\"1619\" class=\"elementor elementor-1619\">\n\t\t\t\t<div class=\"elementor-element elementor-element-47103308 e-con-full e-flex e-con e-parent\" data-id=\"47103308\" data-element_type=\"container\" data-settings=\"{&quot;background_background&quot;:&quot;classic&quot;}\">\n\t\t\t\t<\/div>\n\t\t<div class=\"elementor-element elementor-element-701f5a01 e-flex e-con-boxed e-con e-parent\" data-id=\"701f5a01\" data-element_type=\"container\">\n\t\t\t\t\t<div class=\"e-con-inner\">\n\t\t\t\t<div class=\"elementor-element elementor-element-4fcda3cd elementor-widget elementor-widget-text-editor\" data-id=\"4fcda3cd\" data-element_type=\"widget\" data-widget_type=\"text-editor.default\">\n\t\t\t\t<div class=\"elementor-widget-container\">\n\t\t\t\t\t\t\t\t\t<p>Aujourd&rsquo;hui, je visite tous les services de sant\u00e9 de la mission et je prends le train vers 14h.<br \/>C&rsquo;est sr Justine qui me guide, 72 ans, religieuse depuis 44 ans apr\u00e8s des \u00e9tudes d&rsquo;infirmi\u00e8re pendant 4 ans. Nous commen\u00e7ons par les consultations o\u00f9 l&rsquo;on peut tirer au hasard un des messages du fondateur des Ursulines; Je tire celui-ci :<\/p><p>\u00ab\u00a0Si votre c\u0153ur est allum\u00e9 de l&rsquo;amour de J\u00e9sus Christ tout ce que vous faites sera plus simple et facile\u00a0\u00bb<br \/>Cela devrait m&rsquo;aider car la fatigue s&rsquo;accumule avec la chaleur \u00e9crasante.<\/p><p>Les malades affluent en ce moment car c&rsquo;est le seul \u00e9tablissement s\u00e9rieux qui existe dans la r\u00e9gion. Au moins 15 nourrissons orphelins par mois sont amen\u00e9s par la grande m\u00e8re souvent de tr\u00e8s loin pour nourrir le b\u00e9b\u00e9. <br \/>Un nouvel espace de maternit\u00e9 pour les accouchements est maintenant disponible mais des travaux de r\u00e9novation sont n\u00e9cessaires. La cuisine pour les malades et famille est tr\u00e8s sommaire (feu de bois dans une cabane de t\u00f4le) a cot\u00e9 de la pelouse d&rsquo;attente; cela n\u00e9cessite un b\u00e2timent d\u00e9di\u00e9, plus digne pour ces pauvres gens.<\/p><p>La zone d&rsquo;attente m\u00e9riterait d&rsquo;\u00eatre am\u00e9nag\u00e9e avec des bancs et des visuels pour \u00e9vang\u00e9liser. La statue de Marie dispensatrice des gr\u00e2ces arrive en fin de nuit. C&rsquo;est un pr\u00eatre J\u00e9suite qui l&rsquo;a faite et la transporte en taxi brousse a une journ\u00e9e et une nuit de transport ; quelle abn\u00e9gation quand on conna\u00eet l&rsquo;\u00e9tat des routes&#8230;<br \/>Une association italienne fait des dons en mat\u00e9riel m\u00e9dical depuis plusieurs ann\u00e9es apr\u00e8s avoir financ\u00e9 une clinique il y a 4 ans. Chirurgiens malgaches et italiens viennent p\u00e9riodiquement r\u00e9aliser gratuitement des op\u00e9rations orthop\u00e9diques, visc\u00e9rales et osseuses.<\/p><p>Toute cette structure pour soigner repose uniquement sur les dons. C&rsquo;est magnifique quand on pense aux vies qui sont sauv\u00e9es quotidiennement<br \/>C&rsquo;est encore un exemple significatif d&rsquo;oeuvre sociale pour la propagation de la foi. Les religieuses veulent rendre plus visible le ma\u00eetre de tout&#8230;<\/p><p>Je me rend avec sr Jacqueline a la gare et nous partons 1h apr\u00e8s l&rsquo;heure pr\u00e9vu, c&rsquo;est l&rsquo;Afrique. La chaleur avec l&rsquo;odeur de ma\u00efs cuit et du poulet me met dans l&rsquo;ambiance de ce vieux train bruyant.<br \/>La brousse a perte de vue et de temps en temps des arr\u00eats dans des gares d&rsquo;un autre temps, plus prosp\u00e8re. Apr\u00e8s 5h de train nous arrivons a Tamatave, dans une autre communaut\u00e9 qui \u0153uvre pour le bien au nom de J\u00e9sus Christ.<\/p><p>Pri\u00e8re des v\u00eapres :<\/p><p>Intercession<\/p><p>Dans la confiance, prions le Christ qui fortifie son peuple et le conduit :<br \/>R\/ Garde-nous sur tes chemins.<br \/>\u00d4 Christ, Sagesse du P\u00e8re, donne-nous d\u2019entendre ta parole\u2014 et de la mettre en pratique.<br \/>Lumi\u00e8re des nations, \u00e9claire ceux qui les gouvernent :\u2014 qu\u2019ils soient attentifs au bien des peuples.<br \/>Dispensateur des dons de Dieu, tu as nourri les foules ;\u2014 que ta piti\u00e9 nous porte \u00e0 donner ce que nous avons \u00e0 ceux qui n\u2019ont rien.<br \/>M\u00e9decin des \u00e2mes et des corps, suscite en nous ta charit\u00e9,\u2014 pour que nous visitions les malades, nos fr\u00e8res.<\/p>\t\t\t\t\t\t\t\t<\/div>\n\t\t\t\t<\/div>\n\t\t\t\t\t<\/div>\n\t\t\t\t<\/div>\n\t\t\t\t<\/div>","protected":false},"excerpt":{"rendered":"<p>Aujourd&rsquo;hui, je visite tous les services de sant\u00e9 de la mission et je prends le train vers 14h.C&rsquo;est sr Justine qui me [&hellip;]<\/p>","protected":false},"author":1,"featured_media":0,"parent":0,"menu_order":0,"comment_status":"closed","ping_status":"closed","template":"","meta":{"footnotes":""},"_links":{"self":[{"href":"https:\/\/missiosancta.com\/en\/wp-json\/wp\/v2\/pages\/1619"}],"collection":[{"href":"https:\/\/missiosancta.com\/en\/wp-json\/wp\/v2\/pages"}],"about":[{"href":"https:\/\/missiosancta.com\/en\/wp-json\/wp\/v2\/types\/page"}],"author":[{"embeddable":true,"href":"https:\/\/missiosancta.com\/en\/wp-json\/wp\/v2\/users\/1"}],"replies":[{"embeddable":true,"href":"https:\/\/missiosancta.com\/en\/wp-json\/wp\/v2\/comments?post=1619"}],"version-history":[{"count":10,"href":"https:\/\/missiosancta.com\/en\/wp-json\/wp\/v2\/pages\/1619\/revisions"}],"predecessor-version":[{"id":2703,"href":"https:\/\/missiosancta.com\/en\/wp-json\/wp\/v2\/pages\/1619\/revisions\/2703"}],"wp:attachment":[{"href":"https:\/\/missiosancta.com\/en\/wp-json\/wp\/v2\/media?parent=1619"}],"curies":[{"name":"wp","href":"https:\/\/api.w.org\/{rel}","templated":true}]}}