{"id":1635,"date":"2024-12-05T10:44:50","date_gmt":"2024-12-05T09:44:50","guid":{"rendered":"https:\/\/missiosancta.com\/?page_id=1635"},"modified":"2025-09-02T17:22:02","modified_gmt":"2025-09-02T15:22:02","slug":"visite-des-missions-jour-6","status":"publish","type":"page","link":"https:\/\/missiosancta.com\/en\/visite-des-missions-jour-6\/","title":{"rendered":"Visite des missions &#8211; Jour 6"},"content":{"rendered":"<div data-elementor-type=\"wp-page\" data-elementor-id=\"1635\" class=\"elementor elementor-1635\">\n\t\t\t\t<div class=\"elementor-element elementor-element-473f4949 e-con-full e-flex e-con e-parent\" data-id=\"473f4949\" data-element_type=\"container\" data-settings=\"{&quot;background_background&quot;:&quot;classic&quot;}\">\n\t\t\t\t<\/div>\n\t\t<div class=\"elementor-element elementor-element-42c009fe e-flex e-con-boxed e-con e-parent\" data-id=\"42c009fe\" data-element_type=\"container\">\n\t\t\t\t\t<div class=\"e-con-inner\">\n\t\t\t\t<div class=\"elementor-element elementor-element-7911d72b elementor-widget elementor-widget-text-editor\" data-id=\"7911d72b\" data-element_type=\"widget\" data-widget_type=\"text-editor.default\">\n\t\t\t\t<div class=\"elementor-widget-container\">\n\t\t\t\t\t\t\t\t\t<p>Tamatave, ville portuaire, un m\u00e9lange de cultures, traditions, des quartiers de tr\u00e8s grande pauvret\u00e9 avec de la d\u00e9linquance, drogue, criminalit\u00e9 et prostitution. <br \/>Les jeunes sont tr\u00e8s nombreux et soumis a de nombreuses tentations et menaces comme la coca\u00efne prise sous contrainte ou le tourisme sexuel.<\/p><p>Dans cet environnement (zone rouge) nous suivons deux missions des Ursulines. Morarano avec une \u00e9cole primaire et un centre de promotion f\u00e9minine et Jardin botanique avec une \u00e9cole de 800 coll\u00e9giens et lyc\u00e9ens.<\/p><p><span style=\"text-decoration: underline;\">MORARANO<\/span> <br \/>La promotion f\u00e9minine est un programme de formation int\u00e9grale pour 15 femmes (dont 13 jeunes). Elles apprennent les m\u00e9tiers de couture et p\u00e2tisserie. Des cours d&rsquo;EVA (\u00e9ducation a la vie et l&rsquo;amour) et du cat\u00e9chisme font parti de cette formation. L&rsquo;ann\u00e9e derni\u00e8re 2 femmes musulmanes se sont converties.<br \/>Pendant ma visite une \u00e9tudiante intervient en disant que sa foi a grandi depuis qu&rsquo;elle suit le cat\u00e9chisme. Elles sont toutes unanimes et disent que cela les aide dans leurs vies.<\/p><p>Une fois par semaine, chaque classe va a l&rsquo;\u00e9glise au milieu de l&rsquo;\u00e9cole pour prier, m\u00e9diter, dire un chapelet. Une fois par mois il y a la messe le vendredi pour toute l&rsquo;\u00e9cole et la promotion f\u00e9minine. Tous les dimanches l&rsquo;\u00e9glise est pleine avec 2000 paroissiens en 2 messes. Le samedi c&rsquo;est la pr\u00e9paration aux sacrements. La paroisse existe depuis 45 ans et la mission a \u00e9t\u00e9 cr\u00e9\u00e9 par les montfortains.<\/p><p>\u00c9cole primaire de 3 a 10 ans 713 enfants. L&rsquo;\u00e9colage est pay\u00e9 totalement par les Ursulines pour 10% de familles sans ressources.<br \/>Plusieurs besoins sont exprim\u00e9s comme de jeux pour petits enfants ou des ordinateurs (8 ordinateurs pour 50 \u00e9l\u00e8ves). Les barbel\u00e9s en haut du mur ont \u00e9t\u00e9 enlev\u00e9s et des voleurs ont pris le petit portail.<\/p><p>Nous rencontrons le pr\u00eatre qui tient sa paroisse au milieu de l&rsquo;\u00e9cole. Sa pr\u00e9occupation est le cat\u00e9chisme et la pr\u00e9paration aux sacrements mais il n&rsquo;a aucun moyen, 80 centimes d&rsquo;euro par parent et par an. La plupart des cat\u00e9chistes volontaires sont des m\u00e8res c\u00e9libataires et ont un besoin de formation ; il faudra trouver le moyen d&rsquo; aider ces m\u00e8res qui sont seules pour faire vivre leurs enfants. Le pr\u00eatre nous parle aussi du probl\u00e8me des sectes et de l&rsquo;islam qui endoctrinent les jeunes. Enfin les enfants cat\u00e9chis\u00e9s de parents protestants risquent de ne plus rester catholique.<\/p><p><span style=\"text-decoration: underline;\">Les projets a financer :<\/span><br \/>Mat\u00e9riel pour le cat\u00e9chisme ( imprimante, livret pour les enfants, etc .) Financement de la formation des cat\u00e9chistes. Frigidaire pour les cours de cuisine Machine a coudre \u00e9lectrique Vid\u00e9o projecteur Ordinateurs pour l&rsquo;\u00e9cole Jeux pour enfants de 4 a 7 ans<\/p><p><span style=\"text-decoration: underline;\">\u00c9COLE BOTANIQUE<\/span><br \/>Cette mission g\u00e8re une \u00e9cole de 800 \u00e9l\u00e8ves (en augmentation de 15%) et 24 professeurs catholiques pour lesquels une retraite est organis\u00e9e par les s\u0153urs une fois par an avec le cur\u00e9.<br \/>L&rsquo;\u00e9ducation des jeunes adolescents est tr\u00e8s difficile car l&rsquo;\u00e9cole est cern\u00e9e par des sectes et une mosqu\u00e9e. Les musulmans attirent les jeunes en leur donnant de l&rsquo;argent, de la nourriture pour les endoctriner et d\u00e9truisent la foi (250 mosqu\u00e9es a Madagascar).<br \/>La famille du secr\u00e9taire des Ursulines est prise par la secte apocalyptique, il est seul maintenant \u00e0 venir \u00e0 la messe. Le t\u00e9l\u00e9phone aussi est tr\u00e8s perturbant pour la formation spirituelle. L&rsquo;interdiction des t\u00e9l\u00e9phones dans l&rsquo;\u00e9cole est envisag\u00e9e.<\/p><p>Le jeune pr\u00eatre dioc\u00e9sain de la paroisse jouxtant l&rsquo;\u00e9cole, nous confie sa pr\u00e9occupation pour former les 30 la\u00efcs au cat\u00e9chisme et la pr\u00e9paration aux sacrements. Les supports de pr\u00e9paration aux sacrements manquent cruellement selon les cat\u00e9gories suivantes : KV pr\u00e9paration communion, KS premi\u00e8re communion solennelle, KF confirmation.<br \/>Le pr\u00eatre a organis\u00e9 un tournoi de basket ball avec 4 quartiers mais 2 seulement sont venus. Il souhaite attirer les jeunes aussi par la musique mais manque de moyens.<\/p><p>Pendant le d\u00e9jeuner sr Jos\u00e9phine exprime son indignation envers les riches qui oublient les pauvres peinant sous le soleil, heureusement la justice de Dieu dit elle r\u00e9tablira toute chose.<\/p><p><span style=\"text-decoration: underline;\">Les projets a financer :<\/span><\/p><p>1 Moyens mat\u00e9riels pour le cat\u00e9chisme :<br \/>Imprimantes, fournitures, fascicules de pr\u00e9paration aux sacrements, formation des cat\u00e9chistes, sortie festive.<br \/>1 Cuisine pour la cantine<br \/>2 Nourriture pour la cantine<br \/>2 Grotte Mariale pour les s\u0153urs<br \/>2 tables et bancs pour la grande salle de conf\u00e9rence et r\u00e9collection.<br \/>Mise en place d&rsquo;une adoration eucharistique dans l&rsquo;\u00e9cole (mat\u00e9riel)<br \/>Appels aux jeunes catholiques pour des cours de fran\u00e7ais et anglais avec aide au paiement du billet d&rsquo;avion.<\/p><p>L&rsquo;\u00e9vangile du jour est parfaitement illustr\u00e9 par cette mission :<br \/>\u00ab\u00a0C\u2019est par votre pers\u00e9v\u00e9rance que vous garderez votre vie\u00a0\u00bb<\/p>\t\t\t\t\t\t\t\t<\/div>\n\t\t\t\t<\/div>\n\t\t\t\t\t<\/div>\n\t\t\t\t<\/div>\n\t\t\t\t<\/div>","protected":false},"excerpt":{"rendered":"<p>Tamatave, ville portuaire, un m\u00e9lange de cultures, traditions, des quartiers de tr\u00e8s grande pauvret\u00e9 avec de la d\u00e9linquance, drogue, criminalit\u00e9 et prostitution. [&hellip;]<\/p>","protected":false},"author":1,"featured_media":0,"parent":0,"menu_order":0,"comment_status":"closed","ping_status":"closed","template":"","meta":{"footnotes":""},"_links":{"self":[{"href":"https:\/\/missiosancta.com\/en\/wp-json\/wp\/v2\/pages\/1635"}],"collection":[{"href":"https:\/\/missiosancta.com\/en\/wp-json\/wp\/v2\/pages"}],"about":[{"href":"https:\/\/missiosancta.com\/en\/wp-json\/wp\/v2\/types\/page"}],"author":[{"embeddable":true,"href":"https:\/\/missiosancta.com\/en\/wp-json\/wp\/v2\/users\/1"}],"replies":[{"embeddable":true,"href":"https:\/\/missiosancta.com\/en\/wp-json\/wp\/v2\/comments?post=1635"}],"version-history":[{"count":13,"href":"https:\/\/missiosancta.com\/en\/wp-json\/wp\/v2\/pages\/1635\/revisions"}],"predecessor-version":[{"id":2632,"href":"https:\/\/missiosancta.com\/en\/wp-json\/wp\/v2\/pages\/1635\/revisions\/2632"}],"wp:attachment":[{"href":"https:\/\/missiosancta.com\/en\/wp-json\/wp\/v2\/media?parent=1635"}],"curies":[{"name":"wp","href":"https:\/\/api.w.org\/{rel}","templated":true}]}}