{"id":1651,"date":"2024-12-05T13:33:24","date_gmt":"2024-12-05T12:33:24","guid":{"rendered":"https:\/\/missiosancta.com\/?page_id=1651"},"modified":"2025-09-02T17:27:21","modified_gmt":"2025-09-02T15:27:21","slug":"visite-des-missions-jour-7","status":"publish","type":"page","link":"https:\/\/missiosancta.com\/en\/visite-des-missions-jour-7\/","title":{"rendered":"Visite des missions &#8211; Jour 7"},"content":{"rendered":"<div data-elementor-type=\"wp-page\" data-elementor-id=\"1651\" class=\"elementor elementor-1651\">\n\t\t\t\t<div class=\"elementor-element elementor-element-336da28d e-con-full e-flex e-con e-parent\" data-id=\"336da28d\" data-element_type=\"container\" data-settings=\"{&quot;background_background&quot;:&quot;classic&quot;}\">\n\t\t\t\t<\/div>\n\t\t<div class=\"elementor-element elementor-element-3b11eaf3 e-flex e-con-boxed e-con e-parent\" data-id=\"3b11eaf3\" data-element_type=\"container\">\n\t\t\t\t\t<div class=\"e-con-inner\">\n\t\t\t\t<div class=\"elementor-element elementor-element-5583033a elementor-widget elementor-widget-text-editor\" data-id=\"5583033a\" data-element_type=\"widget\" data-widget_type=\"text-editor.default\">\n\t\t\t\t<div class=\"elementor-widget-container\">\n\t\t\t\t\t\t\t\t\t<p>Visite de la mission Anosy, un lieu paradisiaque ou les s\u0153urs ont un dispensaire et une petite maison pour les accouchements avec une sage femme salari\u00e9 par les Ursulines.<\/p><p>Les soeurs partent en mission dans la campagne avec le 4&#215;4 financ\u00e9 par notre association ou a pied quand ce n&rsquo;est pas accessible (plusieurs heures de marche sous le soleil). <br \/>Une secte en face<\/p><p><br \/>Des visites a domicile sont faites chaque mardi. Des animations sont organis\u00e9es dans les petits villages pour des conseils sur la sant\u00e9 et les s\u0153urs en profitent pour cat\u00e9chiser en parlant de J\u00e9sus m\u00e9decin, J\u00e9sus notre ma\u00eetre, etc&#8230; Alors les gens non catholiques viennent a le mission ensuite pour aller voir les s\u0153urs et discuter. La conversion commence. <br \/>Les chr\u00e9tiens ont soif de la messe en semaine et viennent chez les s\u0153urs apr\u00e8s plusieurs heures de marche.<\/p><p>La mission, cr\u00e9\u00e9 depuis 4 ans a fait progresser de mani\u00e8re importante la communaut\u00e9 catholique. Les familles catholiques demandent de plus en plus la messe. La distance et difficult\u00e9 de progression demande d&rsquo;avoir une moto Pour se d\u00e9placer. Il est envisag\u00e9 de faire une demande de financement pour le district afin qu&rsquo;il vienne plus souvent a la mission.<\/p><p>Les pr\u00eatres n&rsquo;ont pas de maison, pour l&rsquo;instant ils logent dans l&rsquo;\u00e9cole primaire mais ils souhaites trouver une maison un peu plus distante des petits. Leurs seules ressources sont l&rsquo;offrande des messes pendant les f\u00eates liturgiques, les anciens pr\u00eatres Franciscains vivaient gr\u00e2ce a leur congr\u00e9gations.<\/p><p>Le district regroupe 5 \u00e9glises avec 2 pr\u00eatres. La mission est un lieu de retraite et de pr\u00e9paration aux sacrements o\u00f9 les s\u0153urs travaillent (400 enfants pour permettre communion et 500<\/p><p><br \/>Entretien avec le pr\u00eatre Montfortain Alexandre en mission a Anivorano :<\/p><p>Je rencontre un pr\u00eatre de brousse comme il se d\u00e9clare, avec la charge de 40 paroisses a plusieurs heures de marche dans la for\u00eat. Parfois il fait 12h de marche, \u00ab\u00a0pour l&rsquo;amour de Dieu\u00a0\u00bb. Il visite tous les 3 mois la paroisse qui est anim\u00e9e en son absence par trois cat\u00e9chistes. C&rsquo;est pourquoi la formation des cat\u00e9chistes et les supports sont importants.<br \/>Le pr\u00eatre souhaite augmenter la pri\u00e8re et l&rsquo;adoration eucharistique pour vivifier le paroisse d&rsquo;Anivorano.<br \/>Un responsable (inspecteur) du cat\u00e9chisme est nomm\u00e9 par le pr\u00eatre pour 5 \u00e9glises.<\/p><p>Le p\u00e8re Alexandre souhaite r\u00e9nover un ancien terrain de basket a c\u00f4t\u00e9 de l&rsquo;\u00e9glise pour amener les jeunes dans l&rsquo;\u00e9glise et a la messe.<\/p><p>Visite du noviciat :<\/p><p>12 jeunes filles de plus de 20 ans sont suivies et form\u00e9es, coup\u00e9es du monde, apr\u00e8s au moins 4 ans de discernement.<\/p><p>Le parcours avant les v\u0153ux perp\u00e9tuels :<br \/>stage 1 an.<br \/>Aspirantes de 1 a 3 ans (30)<br \/>Pr\u00e9 postulantes (10) 1 an<br \/>Postulantes (12) 1 an<br \/>Novices (12) 2 ans<\/p><p>Leur gentillesse et sourire sont tr\u00e8s touchants. La plupart ont \u00e9t\u00e9 au contact d&rsquo;une s\u0153ur missionnaire et ont \u00e9t\u00e9 attir\u00e9e par la bont\u00e9, le sourire des soeurs. Le travail, la pri\u00e8re et la formation constituent un programme dense. C&rsquo;est un ordonnancement remarquable.<\/p><p>La pr\u00e9occupation principale de s\u0153ur Charline, responsable de la formation, est le d\u00e9veloppement de la vie int\u00e9rieure qui est difficile dans notre monde actuel tr\u00e8s perturb\u00e9 et superficiel.<\/p><p>Le besoin mat\u00e9riel de l&rsquo;institut consiste a am\u00e9liorer l&rsquo;autonomie de la maison par l&rsquo;am\u00e9nagement d&rsquo;un abri pour mettre un four \u00e9cologique qui r\u00e9duit la consommation de bois par 10 et l&rsquo;installation d&rsquo;une lavanderie.<br \/>Nous passons une heure de pri\u00e8re en fran\u00e7ais et adorons le saint sacrement. C&rsquo;est un moment tr\u00e8s beau et pur.<\/p><p>La journ\u00e9e se finit par un d\u00eener tous ensemble avec les 12 novices et 10 postulantes. Un moment d&rsquo;\u00e9changes avec toutes ces jeunes, curieuses de ce qui se passe en France pour la pratique religieuse et les vocations. Les forces vives de cette congr\u00e9gation ne manquent pas gr\u00e2ce aux appels du Seigneur parmi tous ces pauvres.<\/p>\t\t\t\t\t\t\t\t<\/div>\n\t\t\t\t<\/div>\n\t\t\t\t\t<\/div>\n\t\t\t\t<\/div>\n\t\t\t\t<\/div>","protected":false},"excerpt":{"rendered":"<p>Visite de la mission Anosy, un lieu paradisiaque ou les s\u0153urs ont un dispensaire et une petite maison pour les accouchements avec [&hellip;]<\/p>","protected":false},"author":1,"featured_media":0,"parent":0,"menu_order":0,"comment_status":"closed","ping_status":"closed","template":"","meta":{"footnotes":""},"_links":{"self":[{"href":"https:\/\/missiosancta.com\/en\/wp-json\/wp\/v2\/pages\/1651"}],"collection":[{"href":"https:\/\/missiosancta.com\/en\/wp-json\/wp\/v2\/pages"}],"about":[{"href":"https:\/\/missiosancta.com\/en\/wp-json\/wp\/v2\/types\/page"}],"author":[{"embeddable":true,"href":"https:\/\/missiosancta.com\/en\/wp-json\/wp\/v2\/users\/1"}],"replies":[{"embeddable":true,"href":"https:\/\/missiosancta.com\/en\/wp-json\/wp\/v2\/comments?post=1651"}],"version-history":[{"count":13,"href":"https:\/\/missiosancta.com\/en\/wp-json\/wp\/v2\/pages\/1651\/revisions"}],"predecessor-version":[{"id":2644,"href":"https:\/\/missiosancta.com\/en\/wp-json\/wp\/v2\/pages\/1651\/revisions\/2644"}],"wp:attachment":[{"href":"https:\/\/missiosancta.com\/en\/wp-json\/wp\/v2\/media?parent=1651"}],"curies":[{"name":"wp","href":"https:\/\/api.w.org\/{rel}","templated":true}]}}