{"id":1758,"date":"2024-12-21T12:58:06","date_gmt":"2024-12-21T11:58:06","guid":{"rendered":"https:\/\/missiosancta.com\/?page_id=1758"},"modified":"2025-09-02T17:25:48","modified_gmt":"2025-09-02T15:25:48","slug":"projets-a-soutenir","status":"publish","type":"page","link":"https:\/\/missiosancta.com\/en\/projets-a-soutenir\/","title":{"rendered":""},"content":{"rendered":"<div data-elementor-type=\"wp-page\" data-elementor-id=\"1758\" class=\"elementor elementor-1758\">\n\t\t\t\t<div class=\"elementor-element elementor-element-e64bef4 e-flex e-con-boxed e-con e-parent\" data-id=\"e64bef4\" data-element_type=\"container\">\n\t\t\t\t\t<div class=\"e-con-inner\">\n\t\t\t\t<div class=\"elementor-element elementor-element-10ead30 elementor-widget elementor-widget-text-editor\" data-id=\"10ead30\" data-element_type=\"widget\" data-widget_type=\"text-editor.default\">\n\t\t\t\t<div class=\"elementor-widget-container\">\n\t\t\t\t\t\t\t\t\t<p>These requests or calls for help come from field visits by the association's volunteers, who travel at their own expense to visit Catholic missions.<\/p>\t\t\t\t\t\t\t\t<\/div>\n\t\t\t\t<\/div>\n\t\t\t\t<div class=\"elementor-element elementor-element-4fb003d elementor-widget elementor-widget-heading\" data-id=\"4fb003d\" data-element_type=\"widget\" data-widget_type=\"heading.default\">\n\t\t\t\t<div class=\"elementor-widget-container\">\n\t\t\t\t\t<h2 class=\"elementor-heading-title elementor-size-default\">Which project would you like to contribute to?<\/h2>\t\t\t\t<\/div>\n\t\t\t\t<\/div>\n\t\t\t\t\t<\/div>\n\t\t\t\t<\/div>\n\t\t<div class=\"elementor-element elementor-element-ac36000 e-flex e-con-boxed e-con e-parent\" data-id=\"ac36000\" data-element_type=\"container\">\n\t\t\t\t\t<div class=\"e-con-inner\">\n\t\t<div class=\"elementor-element elementor-element-fb97e79 e-con-full e-flex e-con e-child\" data-id=\"fb97e79\" data-element_type=\"container\">\n\t\t\t\t<div class=\"elementor-element elementor-element-956e580 elementor-widget elementor-widget-image\" data-id=\"956e580\" data-element_type=\"widget\" data-widget_type=\"image.default\">\n\t\t\t\t<div class=\"elementor-widget-container\">\n\t\t\t\t\t\t\t\t\t\t\t\t\t\t\t\t<a href=\"https:\/\/www.helloasso.com\/associations\/missio-sancta-france\/formulaires\/4\">\n\t\t\t\t\t\t\t<img fetchpriority=\"high\" decoding=\"async\" width=\"1024\" height=\"1024\" src=\"https:\/\/missiosancta.com\/wp-content\/uploads\/2024\/12\/IMG20241127062616-scaled-e1734042315332-1024x1024.jpg\" class=\"attachment-large size-large wp-image-1647\" alt=\"\" srcset=\"\" sizes=\"(max-width: 1024px) 100vw, 1024px\" data-srcset=\"\" \/>\t\t\t\t\t\t\t\t<\/a>\n\t\t\t\t\t\t\t\t\t\t\t\t\t\t\t<\/div>\n\t\t\t\t<\/div>\n\t\t\t\t<div class=\"elementor-element elementor-element-ea12ce1 elementor-widget elementor-widget-text-editor\" data-id=\"ea12ce1\" data-element_type=\"widget\" data-widget_type=\"text-editor.default\">\n\t\t\t\t<div class=\"elementor-widget-container\">\n\t\t\t\t\t\t\t\t\t<p>Solar panels for the church and priests<\/p>\t\t\t\t\t\t\t\t<\/div>\n\t\t\t\t<\/div>\n\t\t\t\t<div class=\"elementor-element elementor-element-96ec730 elementor-widget elementor-widget-shortcode\" data-id=\"96ec730\" data-element_type=\"widget\" data-widget_type=\"shortcode.default\">\n\t\t\t\t<div class=\"elementor-widget-container\">\n\t\t\t\t\t\t\t<div class=\"elementor-shortcode\"><iframe id=\"haWidget\" allowtransparency=\"true\" src=\"https:\/\/www.helloasso.com\/associations\/missio-sancta-france\/formulaires\/4\/widget-bouton\" style=\"width: 100%; height: 70px; border: none;\"><\/iframe><\/div>\n\t\t\t\t\t\t<\/div>\n\t\t\t\t<\/div>\n\t\t\t\t<\/div>\n\t\t<div class=\"elementor-element elementor-element-6ff945b e-con-full e-flex e-con e-child\" data-id=\"6ff945b\" data-element_type=\"container\">\n\t\t\t\t<div class=\"elementor-element elementor-element-42b7c60 elementor-widget elementor-widget-image\" data-id=\"42b7c60\" data-element_type=\"widget\" data-widget_type=\"image.default\">\n\t\t\t\t<div class=\"elementor-widget-container\">\n\t\t\t\t\t\t\t\t\t\t\t\t\t\t\t\t<a href=\"https:\/\/www.helloasso.com\/associations\/missio-sancta-france\/formulaires\/5\">\n\t\t\t\t\t\t\t<img decoding=\"async\" width=\"1024\" height=\"1024\" src=\"https:\/\/missiosancta.com\/wp-content\/uploads\/2024\/12\/IMG20241128092427-scaled-e1734042497366-1024x1024.jpg\" class=\"attachment-large size-large wp-image-1659\" alt=\"\" srcset=\"\" sizes=\"(max-width: 1024px) 100vw, 1024px\" data-srcset=\"\" \/>\t\t\t\t\t\t\t\t<\/a>\n\t\t\t\t\t\t\t\t\t\t\t\t\t\t\t<\/div>\n\t\t\t\t<\/div>\n\t\t\t\t<div class=\"elementor-element elementor-element-94e08b7 elementor-widget elementor-widget-text-editor\" data-id=\"94e08b7\" data-element_type=\"widget\" data-widget_type=\"text-editor.default\">\n\t\t\t\t<div class=\"elementor-widget-container\">\n\t\t\t\t\t\t\t\t\t<p>Milk for infants<\/p>\t\t\t\t\t\t\t\t<\/div>\n\t\t\t\t<\/div>\n\t\t\t\t<div class=\"elementor-element elementor-element-2e220d6 elementor-widget elementor-widget-shortcode\" data-id=\"2e220d6\" data-element_type=\"widget\" data-widget_type=\"shortcode.default\">\n\t\t\t\t<div class=\"elementor-widget-container\">\n\t\t\t\t\t\t\t<div class=\"elementor-shortcode\"><iframe id=\"haWidget\" allowtransparency=\"true\" src=\"https:\/\/www.helloasso.com\/associations\/missio-sancta-france\/formulaires\/5\/widget-bouton\" style=\"width: 100%; height: 70px; border: none;\"><\/iframe><\/div>\n\t\t\t\t\t\t<\/div>\n\t\t\t\t<\/div>\n\t\t\t\t<\/div>\n\t\t\t\t\t<\/div>\n\t\t\t\t<\/div>\n\t\t<div class=\"elementor-element elementor-element-81d4f83 e-con-full e-flex e-con e-parent\" data-id=\"81d4f83\" data-element_type=\"container\">\n\t\t\t\t<div class=\"elementor-element elementor-element-9a30784 elementor-widget elementor-widget-shortcode\" data-id=\"9a30784\" data-element_type=\"widget\" data-widget_type=\"shortcode.default\">\n\t\t\t\t<div class=\"elementor-widget-container\">\n\t\t\t\t\t\t\t<div class=\"elementor-shortcode\">\n<table id=\"tablepress-1\" class=\"tablepress tablepress-id-1\">\n<thead>\n<tr class=\"row-1\">\n\t<th class=\"column-1\">Claimant<\/th><th class=\"column-2\">Project<\/th><th class=\"column-3\">Impact<\/th><th class=\"column-4\">In \u20ac<\/th><th class=\"column-5\">MAKE A DONATION<\/th><th class=\"column-6\">Project progress<\/th>\n<\/tr>\n<\/thead>\n<tbody class=\"row-striping row-hover\">\n<tr class=\"row-2\">\n\t<td class=\"column-1\">MFT, Anivorano<\/td><td class=\"column-2\">Way of the Cross<\/td><td class=\"column-3\">80 parishes<\/td><td class=\"column-4\">1 801<\/td><td class=\"column-5\"><a href=\"https:\/\/www.helloasso.com\/associations\/missio-sancta-france\/formulaires\/1?_gl=1%2a1cvl2r1%2a_gcl_au%2aODIzNTk1NzAyLjE3NTE2MzAxMDE.\" rel=\"noopener\" target=\"_blank\">MAKE A DONATION<\/a><\/td><td class=\"column-6\"><\/td>\n<\/tr>\n<tr class=\"row-3\">\n\t<td class=\"column-1\">SCJR, Antsirabe<\/td><td class=\"column-2\">Food aid for 57 orphaned children<\/td><td class=\"column-3\">57 children for one month<\/td><td class=\"column-4\">1 135<\/td><td class=\"column-5\"><a href=\"https:\/\/www.helloasso.com\/associations\/missio-sancta-france\/formulaires\/1?_gl=1%2a1cvl2r1%2a_gcl_au%2aODIzNTk1NzAyLjE3NTE2MzAxMDE.\" rel=\"noopener\" target=\"_blank\">MAKE A DONATION<\/a><\/td><td class=\"column-6\"><\/td>\n<\/tr>\n<tr class=\"row-4\">\n\t<td class=\"column-1\">PSSC, Ambohimirary Tana<\/td><td class=\"column-2\">Purchase of medicines<\/td><td class=\"column-3\"><\/td><td class=\"column-4\">1 201<\/td><td class=\"column-5\"><a href=\"https:\/\/www.helloasso.com\/associations\/missio-sancta-france\/formulaires\/1?_gl=1%2a1cvl2r1%2a_gcl_au%2aODIzNTk1NzAyLjE3NTE2MzAxMDE.\" rel=\"noopener\" target=\"_blank\">MAKE A DONATION<\/a><\/td><td class=\"column-6\"><\/td>\n<\/tr>\n<tr class=\"row-5\">\n\t<td class=\"column-1\">PSSC, Ambohimirary Tana<\/td><td class=\"column-2\">Infant formula<\/td><td class=\"column-3\"><\/td><td class=\"column-4\">904<\/td><td class=\"column-5\"><a href=\"https:\/\/www.helloasso.com\/associations\/missio-sancta-france\/formulaires\/1?_gl=1%2a1cvl2r1%2a_gcl_au%2aODIzNTk1NzAyLjE3NTE2MzAxMDE.\" rel=\"noopener\" target=\"_blank\">MAKE A DONATION<\/a><\/td><td class=\"column-6\"><\/td>\n<\/tr>\n<tr class=\"row-6\">\n\t<td class=\"column-1\">SMASF, Ambinaninandovoka<\/td><td class=\"column-2\">12 chapel benches, a lectern and two chairs<\/td><td class=\"column-3\"><\/td><td class=\"column-4\">1 265<\/td><td class=\"column-5\"><a href=\"https:\/\/www.helloasso.com\/associations\/missio-sancta-france\/formulaires\/1?_gl=1%2a1cvl2r1%2a_gcl_au%2aODIzNTk1NzAyLjE3NTE2MzAxMDE.\" rel=\"noopener\" target=\"_blank\">MAKE A DONATION<\/a><\/td><td class=\"column-6\"><\/td>\n<\/tr>\n<tr class=\"row-7\">\n\t<td class=\"column-1\">SMASF, Ambinaninandovoka<\/td><td class=\"column-2\">Religious materials<\/td><td class=\"column-3\"><\/td><td class=\"column-4\">119<\/td><td class=\"column-5\"><a href=\"https:\/\/www.helloasso.com\/associations\/missio-sancta-france\/formulaires\/1?_gl=1%2a1cvl2r1%2a_gcl_au%2aODIzNTk1NzAyLjE3NTE2MzAxMDE.\" rel=\"noopener\" target=\"_blank\">MAKE A DONATION<\/a><\/td><td class=\"column-6\"><\/td>\n<\/tr>\n<tr class=\"row-8\">\n\t<td class=\"column-1\">URS, Ivato Ambositra<\/td><td class=\"column-2\">10 solar lamps<\/td><td class=\"column-3\"><\/td><td class=\"column-4\">204<\/td><td class=\"column-5\"><a href=\"https:\/\/www.helloasso.com\/associations\/missio-sancta-france\/formulaires\/1?_gl=1%2a1cvl2r1%2a_gcl_au%2aODIzNTk1NzAyLjE3NTE2MzAxMDE.\" rel=\"noopener\" target=\"_blank\">MAKE A DONATION<\/a><\/td><td class=\"column-6\"><\/td>\n<\/tr>\n<tr class=\"row-9\">\n\t<td class=\"column-1\">URS, Ivato Ambositra<\/td><td class=\"column-2\">1 laptop and a printer for the community<\/td><td class=\"column-3\"><\/td><td class=\"column-4\">322<\/td><td class=\"column-5\"><a href=\"https:\/\/www.helloasso.com\/associations\/missio-sancta-france\/formulaires\/1?_gl=1%2a1cvl2r1%2a_gcl_au%2aODIzNTk1NzAyLjE3NTE2MzAxMDE.\" rel=\"noopener\" target=\"_blank\">MAKE A DONATION<\/a><\/td><td class=\"column-6\"><\/td>\n<\/tr>\n<tr class=\"row-10\">\n\t<td class=\"column-1\">URS, Ivato Ambositra<\/td><td class=\"column-2\">5 laptops for school<\/td><td class=\"column-3\"><\/td><td class=\"column-4\">714<\/td><td class=\"column-5\"><a href=\"https:\/\/www.helloasso.com\/associations\/missio-sancta-france\/formulaires\/1?_gl=1%2a1cvl2r1%2a_gcl_au%2aODIzNTk1NzAyLjE3NTE2MzAxMDE.\" rel=\"noopener\" target=\"_blank\">MAKE A DONATION<\/a><\/td><td class=\"column-6\"><\/td>\n<\/tr>\n<tr class=\"row-11\">\n\t<td class=\"column-1\">URS, Anivorano<\/td><td class=\"column-2\">Milk for mostly orphaned infants<\/td><td class=\"column-3\">50 children over 6 months<\/td><td class=\"column-4\">6 196<\/td><td class=\"column-5\"><a href=\"https:\/\/www.helloasso.com\/associations\/missio-sancta-france\/formulaires\/1?_gl=1%2a1cvl2r1%2a_gcl_au%2aODIzNTk1NzAyLjE3NTE2MzAxMDE.\" rel=\"noopener\" target=\"_blank\">MAKE A DONATION<\/a><\/td><td class=\"column-6\"><\/td>\n<\/tr>\n<tr class=\"row-12\">\n\t<td class=\"column-1\">URS, Anivorano<\/td><td class=\"column-2\">Statue of the Virgin Mary<\/td><td class=\"column-3\">at the entrance to the clinic and school<\/td><td class=\"column-4\">816<\/td><td class=\"column-5\"><a href=\"https:\/\/www.helloasso.com\/associations\/missio-sancta-france\/formulaires\/1?_gl=1%2a1cvl2r1%2a_gcl_au%2aODIzNTk1NzAyLjE3NTE2MzAxMDE.\" rel=\"noopener\" target=\"_blank\">MAKE A DONATION<\/a><\/td><td class=\"column-6\"><\/td>\n<\/tr>\n<tr class=\"row-13\">\n\t<td class=\"column-1\">URS, Anivorano<\/td><td class=\"column-2\">Equipment for the education of girls at the boarding school<\/td><td class=\"column-3\">23 girls from poor families<\/td><td class=\"column-4\">287<\/td><td class=\"column-5\"><a href=\"https:\/\/www.helloasso.com\/associations\/missio-sancta-france\/formulaires\/1?_gl=1%2a1cvl2r1%2a_gcl_au%2aODIzNTk1NzAyLjE3NTE2MzAxMDE.\" rel=\"noopener\" target=\"_blank\">MAKE A DONATION<\/a><\/td><td class=\"column-6\"><\/td>\n<\/tr>\n<tr class=\"row-14\">\n\t<td class=\"column-1\">URS, Anivorano<\/td><td class=\"column-2\">A boat for transport<\/td><td class=\"column-3\">4x4 broken down, no means of transport<\/td><td class=\"column-4\">204<\/td><td class=\"column-5\"><a href=\"https:\/\/www.helloasso.com\/associations\/missio-sancta-france\/formulaires\/1?_gl=1%2a1cvl2r1%2a_gcl_au%2aODIzNTk1NzAyLjE3NTE2MzAxMDE.\" rel=\"noopener\" target=\"_blank\">MAKE A DONATION<\/a><\/td><td class=\"column-6\"><\/td>\n<\/tr>\n<tr class=\"row-15\">\n\t<td class=\"column-1\">URS, Anivorano<\/td><td class=\"column-2\">A motorbike for transport<\/td><td class=\"column-3\">4x4 broken down, no means of transport<\/td><td class=\"column-4\">4 480<\/td><td class=\"column-5\"><a href=\"https:\/\/www.helloasso.com\/associations\/missio-sancta-france\/formulaires\/1?_gl=1%2a1cvl2r1%2a_gcl_au%2aODIzNTk1NzAyLjE3NTE2MzAxMDE.\" rel=\"noopener\" target=\"_blank\">MAKE A DONATION<\/a><\/td><td class=\"column-6\"><\/td>\n<\/tr>\n<tr class=\"row-16\">\n\t<td class=\"column-1\">URS, Anivorano<\/td><td class=\"column-2\">Solar panels for the school<\/td><td class=\"column-3\">500 pupils<\/td><td class=\"column-4\">3 812<\/td><td class=\"column-5\"><a href=\"https:\/\/www.helloasso.com\/associations\/missio-sancta-france\/formulaires\/1?_gl=1%2a1cvl2r1%2a_gcl_au%2aODIzNTk1NzAyLjE3NTE2MzAxMDE.\" rel=\"noopener\" target=\"_blank\">MAKE A DONATION<\/a><\/td><td class=\"column-6\"><\/td>\n<\/tr>\n<tr class=\"row-17\">\n\t<td class=\"column-1\">Father Andronic, Botany<\/td><td class=\"column-2\">Materials for catechesis<\/td><td class=\"column-3\">500 young people, 50 teachers, 2,000 parishioners<\/td><td class=\"column-4\">1 565<\/td><td class=\"column-5\"><a href=\"https:\/\/www.helloasso.com\/associations\/missio-sancta-france\/formulaires\/1?_gl=1%2a1cvl2r1%2a_gcl_au%2aODIzNTk1NzAyLjE3NTE2MzAxMDE.\" rel=\"noopener\" target=\"_blank\">MAKE A DONATION<\/a><\/td><td class=\"column-6\"><\/td>\n<\/tr>\n<tr class=\"row-18\">\n\t<td class=\"column-1\">URS, Analaroa<\/td><td class=\"column-2\">Solar panels for the church and priests<\/td><td class=\"column-3\">1,000 parishioners, 15 parishes, 3 priests<\/td><td class=\"column-4\">5 776<\/td><td class=\"column-5\"><a href=\"https:\/\/www.helloasso.com\/associations\/missio-sancta-france\/formulaires\/1?_gl=1%2a1cvl2r1%2a_gcl_au%2aODIzNTk1NzAyLjE3NTE2MzAxMDE.\" rel=\"noopener\" target=\"_blank\">MAKE A DONATION<\/a><\/td><td class=\"column-6\"><\/td>\n<\/tr>\n<tr class=\"row-19\">\n\t<td class=\"column-1\">URS, Analaroa<\/td><td class=\"column-2\">Materials for a Christmas party<\/td><td class=\"column-3\">250 children, including 70 children with disabilities<\/td><td class=\"column-4\">467<\/td><td class=\"column-5\"><a href=\"https:\/\/www.helloasso.com\/associations\/missio-sancta-france\/formulaires\/1?_gl=1%2a1cvl2r1%2a_gcl_au%2aODIzNTk1NzAyLjE3NTE2MzAxMDE.\" rel=\"noopener\" target=\"_blank\">MAKE A DONATION<\/a><\/td><td class=\"column-6\"><\/td>\n<\/tr>\n<tr class=\"row-20\">\n\t<td class=\"column-1\">URS, Morarano<\/td><td class=\"column-2\">Materials for the promotion of women<\/td><td class=\"column-3\">15 women and their families<\/td><td class=\"column-4\">929<\/td><td class=\"column-5\"><a href=\"https:\/\/www.helloasso.com\/associations\/missio-sancta-france\/formulaires\/1?_gl=1%2a1cvl2r1%2a_gcl_au%2aODIzNTk1NzAyLjE3NTE2MzAxMDE.\" rel=\"noopener\" target=\"_blank\">MAKE A DONATION<\/a><\/td><td class=\"column-6\"><\/td>\n<\/tr>\n<tr class=\"row-21\">\n\t<td class=\"column-1\">URS, Ambatomainty<\/td><td class=\"column-2\">Renovation of the henhouse<\/td><td class=\"column-3\">source of income for 10 novices<\/td><td class=\"column-4\">3 840<\/td><td class=\"column-5\"><a href=\"https:\/\/www.helloasso.com\/associations\/missio-sancta-france\/formulaires\/1?_gl=1%2a1cvl2r1%2a_gcl_au%2aODIzNTk1NzAyLjE3NTE2MzAxMDE.\" rel=\"noopener\" target=\"_blank\">MAKE A DONATION<\/a><\/td><td class=\"column-6\"><\/td>\n<\/tr>\n<tr class=\"row-22\">\n\t<td class=\"column-1\">URS, Ambatomainty<\/td><td class=\"column-2\">Biomass stove for water heating (large pot)<\/td><td class=\"column-3\">energy savings (12 times less) for the novitiate<\/td><td class=\"column-4\">960<\/td><td class=\"column-5\"><a href=\"https:\/\/www.helloasso.com\/associations\/missio-sancta-france\/formulaires\/1?_gl=1%2a1cvl2r1%2a_gcl_au%2aODIzNTk1NzAyLjE3NTE2MzAxMDE.\" rel=\"noopener\" target=\"_blank\">MAKE A DONATION<\/a><\/td><td class=\"column-6\"><\/td>\n<\/tr>\n<tr class=\"row-23\">\n\t<td class=\"column-1\">URS, Ambatomainty<\/td><td class=\"column-2\">Biomass stove for water heating (large pot)<\/td><td class=\"column-3\">energy savings (12 times less) for the novitiate<\/td><td class=\"column-4\">354<\/td><td class=\"column-5\"><a href=\"https:\/\/www.helloasso.com\/associations\/missio-sancta-france\/formulaires\/1?_gl=1%2a1cvl2r1%2a_gcl_au%2aODIzNTk1NzAyLjE3NTE2MzAxMDE.\" rel=\"noopener\" target=\"_blank\">MAKE A DONATION<\/a><\/td><td class=\"column-6\"><\/td>\n<\/tr>\n<\/tbody>\n<\/table>\n<!-- #tablepress-1 from cache --><\/div>\n\t\t\t\t\t\t<\/div>\n\t\t\t\t<\/div>\n\t\t\t\t<\/div>\n\t\t\t\t<\/div>","protected":false},"excerpt":{"rendered":"<p>Ces demandes ou appels \u00e0 l&rsquo;aide proviennent des visites sur le terrain des b\u00e9n\u00e9voles de l&rsquo;association qui se d\u00e9placent \u00e0 leurs frais [&hellip;]<\/p>","protected":false},"author":1,"featured_media":0,"parent":0,"menu_order":0,"comment_status":"closed","ping_status":"closed","template":"","meta":{"footnotes":""},"_links":{"self":[{"href":"https:\/\/missiosancta.com\/en\/wp-json\/wp\/v2\/pages\/1758"}],"collection":[{"href":"https:\/\/missiosancta.com\/en\/wp-json\/wp\/v2\/pages"}],"about":[{"href":"https:\/\/missiosancta.com\/en\/wp-json\/wp\/v2\/types\/page"}],"author":[{"embeddable":true,"href":"https:\/\/missiosancta.com\/en\/wp-json\/wp\/v2\/users\/1"}],"replies":[{"embeddable":true,"href":"https:\/\/missiosancta.com\/en\/wp-json\/wp\/v2\/comments?post=1758"}],"version-history":[{"count":106,"href":"https:\/\/missiosancta.com\/en\/wp-json\/wp\/v2\/pages\/1758\/revisions"}],"predecessor-version":[{"id":2743,"href":"https:\/\/missiosancta.com\/en\/wp-json\/wp\/v2\/pages\/1758\/revisions\/2743"}],"wp:attachment":[{"href":"https:\/\/missiosancta.com\/en\/wp-json\/wp\/v2\/media?parent=1758"}],"curies":[{"name":"wp","href":"https:\/\/api.w.org\/{rel}","templated":true}]}}