{"id":21,"date":"2024-01-25T22:52:33","date_gmt":"2024-01-25T21:52:33","guid":{"rendered":"https:\/\/missiosancta.com\/?page_id=21"},"modified":"2024-03-18T19:32:18","modified_gmt":"2024-03-18T18:32:18","slug":"statuts","status":"publish","type":"page","link":"https:\/\/missiosancta.com\/en\/statuts\/","title":{"rendered":"Statuts"},"content":{"rendered":"<p><strong><em>Article 2 : Objet<\/em><\/strong><\/p>\n\n\n\n<p>2.1 L\u2019Association est ind\u00e9pendante et apolitique, compos\u00e9e de la\u00efcs b\u00e9n\u00e9voles<a>, <\/a>dont le but est de soutenir mat\u00e9riellement et spirituellement les \u0153uvres missionnaires religieuses et sociales de l\u2019Eglise Catholique destin\u00e9es aux plus pauvres, de rendre visite aux pr\u00eatres et religieuses isol\u00e9s et de les encourager dans leurs missions sacr\u00e9es dans un esprit marial. Elle reverse 100% des donations aux missions catholiques soutenues.<\/p>\n\n\n\n<p>2.2 L\u2019Association a \u00e9t\u00e9 fond\u00e9e afin de promouvoir et d\u2019aider les Missions Sacr\u00e9es <a href=\"#_ftn1\" id=\"_ftnref1\"><sup>[1]<\/sup><\/a> de l\u2019\u00c9glise Catholique envoy\u00e9es <em>\u00ab&nbsp;faire des disciples de toutes les nations&nbsp;\u00bb <\/em><a href=\"#_ftn2\" id=\"_ftnref2\"><sup>[2]<\/sup><\/a><em> <\/em>et manifester la royaut\u00e9 du Christ sur les soci\u00e9t\u00e9s humaines.<a href=\"#_ftn3\" id=\"_ftnref3\"><sup>[3]<\/sup><\/a><strong><\/strong><\/p>\n\n\n\n<p>2.3 Les activit\u00e9s de l\u2019Association incluent un groupe de pri\u00e8res et des formations, des visites \u00e0 des pr\u00eatres et \u00e0 des religieuses missionnaires isol\u00e9s ainsi qu\u2019un soutien spirituel et mat\u00e9riel \u00e0 leurs \u0153uvres religieuses et sociales destin\u00e9es aux pauvres les moins soutenus, un encouragement dans leur vocation de pr\u00eatres et de religieuses, la contribution si n\u00e9cessaire \u00e0 leurs besoins mat\u00e9riels et spirituels essentiels, un suivi des missionnaires entre chaque visite.<\/p>\n\n\n\n<p>2.4 Les membres de l\u2019Association s\u2019efforcent d\u2019offrir leurs peines et leurs efforts dans un esprit marial de gratuit\u00e9 <a href=\"#_ftn4\" id=\"_ftnref4\">[4]<\/a> et de sacrifice. Ils joignent \u00e0 leurs actions un esprit de pri\u00e8re, notamment pour les vocations sacerdotales et religieuses, et leur participation aux formations.<\/p>\n\n\n\n<p>2.5 Missio Sancta est soutenu dans sa mission par une congr\u00e9gation de pr\u00eatres et par une congr\u00e9gation de religieuses missionnaires dans un esprit de fid\u00e9lit\u00e9 totale \u00e0 l\u2019enseignement constant du magist\u00e8re et au Saint Si\u00e8ge, de d\u00e9fense de la foi catholique immuable et de la discipline apostolique avec un attachement \u00e0 la Tradition.<\/p>\n\n\n\n<p>2.6 \u00c0 cet effet, l\u2019association se donne pour objectif de rechercher et de recueillir en France toutes lib\u00e9ralit\u00e9s et d\u2019en assurer la gestion de fa\u00e7on professionnelle et transparente&nbsp;: cotisations, subventions et participations en argent ou en nature ; dons et legs; recettes de manifestations.<\/p>\n\n\n\n<p>2.7 En toutes circonstances, l&rsquo;Association garantit un fonctionnement d\u00e9mocratique et transparent, et pr\u00e9serve le caract\u00e8re d\u00e9sint\u00e9ress\u00e9 de sa gestion en reversant 100% des donations aux missions catholiques soutenues. www.missiosancta.com<\/p>\n\n\n\n<hr class=\"wp-block-separator has-alpha-channel-opacity\"\/>\n\n\n\n<p><a id=\"_ftn1\" href=\"#_ftnref1\">[1]<\/a> Selon l\u2019expression du pape Beno\u00eet XV, <em><a href=\"https:\/\/www.vatican.va\/content\/benedict-xv\/fr\/apost_letters\/documents\/hf_ben-xv_apl_19191130_maximum-illud.html#_ftn13\" data-type=\"link\" data-id=\"https:\/\/www.vatican.va\/content\/benedict-xv\/fr\/apost_letters\/documents\/hf_ben-xv_apl_19191130_maximum-illud.html#_ftn13\" target=\"_blank\" rel=\"noreferrer noopener\">Lettre apostolique Maximum Illud<\/a><\/em>, 1919<\/p>\n\n\n\n<p><a href=\"#_ftnref2\" id=\"_ftn2\">[2]<\/a> Cf (Mt XXVIII, 18)<\/p>\n\n\n\n<p><a href=\"#_ftnref3\" id=\"_ftn3\">[3]<\/a> Cf CEC n\u00b02105<\/p>\n\n\n\n<p><a href=\"#_ftnref4\" id=\"_ftn4\">[4]<\/a> Cf article 17 des statuts<\/p>","protected":false},"excerpt":{"rendered":"<p>Article 2 : Objet 2.1 L\u2019Association est ind\u00e9pendante et apolitique, compos\u00e9e de la\u00efcs b\u00e9n\u00e9voles, dont le but est de soutenir mat\u00e9riellement et [&hellip;]<\/p>","protected":false},"author":1,"featured_media":0,"parent":0,"menu_order":0,"comment_status":"closed","ping_status":"closed","template":"","meta":{"footnotes":""},"_links":{"self":[{"href":"https:\/\/missiosancta.com\/en\/wp-json\/wp\/v2\/pages\/21"}],"collection":[{"href":"https:\/\/missiosancta.com\/en\/wp-json\/wp\/v2\/pages"}],"about":[{"href":"https:\/\/missiosancta.com\/en\/wp-json\/wp\/v2\/types\/page"}],"author":[{"embeddable":true,"href":"https:\/\/missiosancta.com\/en\/wp-json\/wp\/v2\/users\/1"}],"replies":[{"embeddable":true,"href":"https:\/\/missiosancta.com\/en\/wp-json\/wp\/v2\/comments?post=21"}],"version-history":[{"count":3,"href":"https:\/\/missiosancta.com\/en\/wp-json\/wp\/v2\/pages\/21\/revisions"}],"predecessor-version":[{"id":997,"href":"https:\/\/missiosancta.com\/en\/wp-json\/wp\/v2\/pages\/21\/revisions\/997"}],"wp:attachment":[{"href":"https:\/\/missiosancta.com\/en\/wp-json\/wp\/v2\/media?parent=21"}],"curies":[{"name":"wp","href":"https:\/\/api.w.org\/{rel}","templated":true}]}}