{"id":892,"date":"2024-02-12T22:34:35","date_gmt":"2024-02-12T21:34:35","guid":{"rendered":"https:\/\/missiosancta.com\/?page_id=892"},"modified":"2025-09-02T18:17:14","modified_gmt":"2025-09-02T16:17:14","slug":"q","status":"publish","type":"page","link":"https:\/\/missiosancta.com\/en\/q\/","title":{"rendered":"Who are we ?"},"content":{"rendered":"<div data-elementor-type=\"wp-page\" data-elementor-id=\"892\" class=\"elementor elementor-892\">\n\t\t\t\t<div class=\"elementor-element elementor-element-fddb968 e-flex e-con-boxed e-con e-parent\" data-id=\"fddb968\" data-element_type=\"container\">\n\t\t\t\t\t<div class=\"e-con-inner\">\n\t\t<div class=\"elementor-element elementor-element-bcc96e5 e-con-full e-grid e-con e-child\" data-id=\"bcc96e5\" data-element_type=\"container\">\n\t\t\t\t<div class=\"elementor-element elementor-element-c1ac5bd elementor-widget elementor-widget-image\" data-id=\"c1ac5bd\" data-element_type=\"widget\" data-widget_type=\"image.default\">\n\t\t\t\t<div class=\"elementor-widget-container\">\n\t\t\t\t\t\t\t\t\t\t\t\t<figure class=\"wp-caption\">\n\t\t\t\t\t\t\t\t\t\t<img fetchpriority=\"high\" decoding=\"async\" width=\"237\" height=\"300\" src=\"https:\/\/missiosancta.com\/wp-content\/uploads\/2024\/02\/DR-face-237x300.jpg\" class=\"attachment-medium size-medium wp-image-939\" alt=\"\" srcset=\"https:\/\/missiosancta.com\/wp-content\/uploads\/2024\/02\/DR-face-237x300.jpg 237w, https:\/\/missiosancta.com\/wp-content\/uploads\/2024\/02\/DR-face-230x291.jpg 230w, https:\/\/missiosancta.com\/wp-content\/uploads\/2024\/02\/DR-face-350x442.jpg 350w, https:\/\/missiosancta.com\/wp-content\/uploads\/2024\/02\/DR-face.jpg 474w\" sizes=\"(max-width: 237px) 100vw, 237px\" \/>\t\t\t\t\t\t\t\t\t\t\t<figcaption class=\"widget-image-caption wp-caption-text\">President<\/figcaption>\n\t\t\t\t\t\t\t\t\t\t<\/figure>\n\t\t\t\t\t\t\t\t\t<\/div>\n\t\t\t\t<\/div>\n\t\t\t\t<div class=\"elementor-element elementor-element-b39403c elementor-widget elementor-widget-image\" data-id=\"b39403c\" data-element_type=\"widget\" data-widget_type=\"image.default\">\n\t\t\t\t<div class=\"elementor-widget-container\">\n\t\t\t\t\t\t\t\t\t\t\t\t<figure class=\"wp-caption\">\n\t\t\t\t\t\t\t\t\t\t<img decoding=\"async\" width=\"300\" height=\"300\" src=\"https:\/\/missiosancta.com\/wp-content\/uploads\/2025\/06\/Francois-Pasquier-300x300.jpg\" class=\"attachment-medium size-medium wp-image-1860\" alt=\"\" srcset=\"\" sizes=\"(max-width: 300px) 100vw, 300px\" data-srcset=\"\" \/>\t\t\t\t\t\t\t\t\t\t\t<figcaption class=\"widget-image-caption wp-caption-text\">Secretary General<\/figcaption>\n\t\t\t\t\t\t\t\t\t\t<\/figure>\n\t\t\t\t\t\t\t\t\t<\/div>\n\t\t\t\t<\/div>\n\t\t\t\t<\/div>\n\t\t\t\t<div class=\"elementor-element elementor-element-9f600d7 elementor-widget elementor-widget-heading\" data-id=\"9f600d7\" data-element_type=\"widget\" data-widget_type=\"heading.default\">\n\t\t\t\t<div class=\"elementor-widget-container\">\n\t\t\t\t\t<h2 class=\"elementor-heading-title elementor-size-default\">Origin of Missio Sancta<\/h2>\t\t\t\t<\/div>\n\t\t\t\t<\/div>\n\t\t\t\t\t<\/div>\n\t\t\t\t<\/div>\n\t\t<div class=\"elementor-element elementor-element-e050bd2 e-flex e-con-boxed e-con e-parent\" data-id=\"e050bd2\" data-element_type=\"container\">\n\t\t\t\t\t<div class=\"e-con-inner\">\n\t\t\t\t<div class=\"elementor-element elementor-element-2b85ec8 elementor-widget elementor-widget-text-editor\" data-id=\"2b85ec8\" data-element_type=\"widget\" data-widget_type=\"text-editor.default\">\n\t\t\t\t<div class=\"elementor-widget-container\">\n\t\t\t\t\t\t\t\t\t<p>Missio Sancta is the continuation of another association founded in 2004 on the initiative of Edouard Montier, the R\u00e9seau des entrepreneurs solidaires (Network of Solidarity Entrepreneurs) or RES. For some twenty years, RES has supported around forty religious congregations in ten countries to feed, house and care for more than a million poor people.<\/p><p>In the transformation of our commitment, two missionary priests encourage and support us with their teachings and testimonies as follows:<\/p><p>Chanoine Zurek (i.c.r.s.p.) <a href=\"http:\/\/missiosancta.com\/wp-content\/uploads\/2024\/07\/CR-enseignement-du-Chanoine-ZUREK-Sept-Fons-28-juin-2024.pdf\"><img decoding=\"async\" class=\"alignnone wp-image-1269\" src=\"http:\/\/missiosancta.com\/wp-content\/uploads\/2024\/07\/PDF.png\" alt=\"\" width=\"48\" height=\"45\" \/><\/a> \u00a0\u00a0\u00a0\u00a0\u00a0\u00a0\u00a0\u00a0\u00a0\u00a0\u00a0\u00a0\u00a0\u00a0\u00a0\u00a0\u00a0 Fr. Jean-Rapha\u00ebl of the Glorious Cross (O.C.D.) <a href=\"http:\/\/missiosancta.com\/wp-content\/uploads\/2024\/07\/Note-du-fr.-Jean-Raphael-de-la-Croix-Glorieuse-o.c.d.pdf\"><img decoding=\"async\" class=\"alignnone wp-image-1269\" src=\"http:\/\/missiosancta.com\/wp-content\/uploads\/2024\/07\/PDF.png\" alt=\"\" width=\"48\" height=\"45\" \/><\/a><\/p><p><a href=\"https:\/\/missiosancta.com\/index.php\/dissolution-de-res-et-poursuite-de-notre-mission\/\" target=\"_blank\" rel=\"noopener\"><strong>Dissolution of RES and continuation of our mission<\/strong><\/a><\/p>\t\t\t\t\t\t\t\t<\/div>\n\t\t\t\t<\/div>\n\t\t\t\t\t<\/div>\n\t\t\t\t<\/div>\n\t\t<div class=\"elementor-element elementor-element-f0f3d0b e-con-full e-flex e-con e-parent\" data-id=\"f0f3d0b\" data-element_type=\"container\" data-settings=\"{&quot;background_background&quot;:&quot;classic&quot;}\">\n\t\t\t\t<\/div>\n\t\t<div class=\"elementor-element elementor-element-9d8b418 e-flex e-con-boxed e-con e-parent\" data-id=\"9d8b418\" data-element_type=\"container\">\n\t\t\t\t\t<div class=\"e-con-inner\">\n\t\t\t\t<div class=\"elementor-element elementor-element-ffc8389 elementor-widget elementor-widget-spacer\" data-id=\"ffc8389\" data-element_type=\"widget\" data-widget_type=\"spacer.default\">\n\t\t\t\t<div class=\"elementor-widget-container\">\n\t\t\t\t\t\t\t<div class=\"elementor-spacer\">\n\t\t\t<div class=\"elementor-spacer-inner\"><\/div>\n\t\t<\/div>\n\t\t\t\t\t\t<\/div>\n\t\t\t\t<\/div>\n\t\t\t\t<div class=\"elementor-element elementor-element-b23d0f0 elementor-align-center elementor-widget__width-initial elementor-widget elementor-widget-button\" data-id=\"b23d0f0\" data-element_type=\"widget\" data-widget_type=\"button.default\">\n\t\t\t\t<div class=\"elementor-widget-container\">\n\t\t\t\t\t\t\t\t\t<div class=\"elementor-button-wrapper\">\n\t\t\t\t\t<a class=\"elementor-button elementor-button-link elementor-size-sm\" href=\"https:\/\/missiosancta.com\/en\/faire-un-don\/\">\n\t\t\t\t\t\t<span class=\"elementor-button-content-wrapper\">\n\t\t\t\t\t\t\t\t\t<span class=\"elementor-button-text\">MAKE A DONATION<\/span>\n\t\t\t\t\t<\/span>\n\t\t\t\t\t<\/a>\n\t\t\t\t<\/div>\n\t\t\t\t\t\t\t\t<\/div>\n\t\t\t\t<\/div>\n\t\t\t\t<div class=\"elementor-element elementor-element-e4aebc4 elementor-widget elementor-widget-spacer\" data-id=\"e4aebc4\" data-element_type=\"widget\" data-widget_type=\"spacer.default\">\n\t\t\t\t<div class=\"elementor-widget-container\">\n\t\t\t\t\t\t\t<div class=\"elementor-spacer\">\n\t\t\t<div class=\"elementor-spacer-inner\"><\/div>\n\t\t<\/div>\n\t\t\t\t\t\t<\/div>\n\t\t\t\t<\/div>\n\t\t\t\t\t<\/div>\n\t\t\t\t<\/div>\n\t\t<div class=\"elementor-element elementor-element-358219a e-flex e-con-boxed e-con e-parent\" data-id=\"358219a\" data-element_type=\"container\">\n\t\t\t\t\t<div class=\"e-con-inner\">\n\t\t\t\t<div class=\"elementor-element elementor-element-4f85bec elementor-widget elementor-widget-image\" data-id=\"4f85bec\" data-element_type=\"widget\" data-widget_type=\"image.default\">\n\t\t\t\t<div class=\"elementor-widget-container\">\n\t\t\t\t\t\t\t\t\t\t\t\t<figure class=\"wp-caption\">\n\t\t\t\t\t\t\t\t\t\t<img loading=\"lazy\" decoding=\"async\" width=\"786\" height=\"537\" src=\"https:\/\/missiosancta.com\/wp-content\/uploads\/2024\/03\/Stats-RES-2024.png\" class=\"attachment-large size-large wp-image-970\" alt=\"\" srcset=\"https:\/\/missiosancta.com\/wp-content\/uploads\/2024\/03\/Stats-RES-2024.png 786w, https:\/\/missiosancta.com\/wp-content\/uploads\/2024\/03\/Stats-RES-2024-300x205.png 300w, https:\/\/missiosancta.com\/wp-content\/uploads\/2024\/03\/Stats-RES-2024-768x525.png 768w, https:\/\/missiosancta.com\/wp-content\/uploads\/2024\/03\/Stats-RES-2024-230x157.png 230w, https:\/\/missiosancta.com\/wp-content\/uploads\/2024\/03\/Stats-RES-2024-350x239.png 350w, https:\/\/missiosancta.com\/wp-content\/uploads\/2024\/03\/Stats-RES-2024-480x328.png 480w\" sizes=\"(max-width: 786px) 100vw, 786px\" \/>\t\t\t\t\t\t\t\t\t\t\t<figcaption class=\"widget-image-caption wp-caption-text\">RES statistics 2024<\/figcaption>\n\t\t\t\t\t\t\t\t\t\t<\/figure>\n\t\t\t\t\t\t\t\t\t<\/div>\n\t\t\t\t<\/div>\n\t\t\t\t\t<\/div>\n\t\t\t\t<\/div>\n\t\t<div class=\"elementor-element elementor-element-51d77d3 e-con-full e-flex e-con e-parent\" data-id=\"51d77d3\" data-element_type=\"container\">\n\t\t\t\t<\/div>\n\t\t\t\t<\/div>","protected":false},"excerpt":{"rendered":"<p>Pr\u00e9sident Secr\u00e9taire g\u00e9n\u00e9ral Origine de Missio Sancta Missio Sancta est la prolongation d&rsquo;une autre assocation n\u00e9e en 2004 \u00e0 l&rsquo;initiative d&rsquo;Edouard Montier, [&hellip;]<\/p>","protected":false},"author":1,"featured_media":0,"parent":0,"menu_order":0,"comment_status":"closed","ping_status":"closed","template":"","meta":{"footnotes":""},"_links":{"self":[{"href":"https:\/\/missiosancta.com\/en\/wp-json\/wp\/v2\/pages\/892"}],"collection":[{"href":"https:\/\/missiosancta.com\/en\/wp-json\/wp\/v2\/pages"}],"about":[{"href":"https:\/\/missiosancta.com\/en\/wp-json\/wp\/v2\/types\/page"}],"author":[{"embeddable":true,"href":"https:\/\/missiosancta.com\/en\/wp-json\/wp\/v2\/users\/1"}],"replies":[{"embeddable":true,"href":"https:\/\/missiosancta.com\/en\/wp-json\/wp\/v2\/comments?post=892"}],"version-history":[{"count":126,"href":"https:\/\/missiosancta.com\/en\/wp-json\/wp\/v2\/pages\/892\/revisions"}],"predecessor-version":[{"id":2657,"href":"https:\/\/missiosancta.com\/en\/wp-json\/wp\/v2\/pages\/892\/revisions\/2657"}],"wp:attachment":[{"href":"https:\/\/missiosancta.com\/en\/wp-json\/wp\/v2\/media?parent=892"}],"curies":[{"name":"wp","href":"https:\/\/api.w.org\/{rel}","templated":true}]}}